{"id":322,"date":"2018-10-19T01:27:29","date_gmt":"2018-10-18T23:27:29","guid":{"rendered":"https:\/\/www.claude-piguet.ch\/accueil\/"},"modified":"2019-12-18T12:15:38","modified_gmt":"2019-12-18T11:15:38","slug":"polyurethan-formung-und-kunststoffbeschichtung-schweiz","status":"publish","type":"page","link":"https:\/\/www.claude-piguet.ch\/de\/","title":{"rendered":"willkommen"},"content":{"rendered":"<p>[et_pb_section fb_built=&#8220;1&#8243; fullwidth=&#8220;on&#8220; _builder_version=&#8220;3.22&#8243; custom_padding=&#8220;|||&#8220;][et_pb_fullwidth_slider _builder_version=&#8220;4.0.7&#8243; button_text_size__hover_enabled=&#8220;off&#8220; button_one_text_size__hover_enabled=&#8220;off&#8220; button_two_text_size__hover_enabled=&#8220;off&#8220; button_text_color__hover_enabled=&#8220;off&#8220; button_one_text_color__hover_enabled=&#8220;off&#8220; button_two_text_color__hover_enabled=&#8220;off&#8220; button_border_width__hover_enabled=&#8220;off&#8220; button_one_border_width__hover_enabled=&#8220;off&#8220; button_two_border_width__hover_enabled=&#8220;off&#8220; button_border_color__hover_enabled=&#8220;off&#8220; button_one_border_color__hover_enabled=&#8220;off&#8220; button_two_border_color__hover_enabled=&#8220;off&#8220; button_border_radius__hover_enabled=&#8220;off&#8220; button_one_border_radius__hover_enabled=&#8220;off&#8220; button_two_border_radius__hover_enabled=&#8220;off&#8220; button_letter_spacing__hover_enabled=&#8220;off&#8220; button_one_letter_spacing__hover_enabled=&#8220;off&#8220; button_two_letter_spacing__hover_enabled=&#8220;off&#8220; button_bg_color__hover_enabled=&#8220;off&#8220; button_one_bg_color__hover_enabled=&#8220;off&#8220; button_two_bg_color__hover_enabled=&#8220;off&#8220;][et_pb_slide heading=&#8220;Claude Piguet SA &#8220; use_bg_overlay=&#8220;off&#8220; use_text_overlay=&#8220;off&#8220; _builder_version=&#8220;4.0.7&#8243; background_color=&#8220;#ffffff&#8220; background_image=&#8220;https:\/\/www.claude-piguet.ch\/wp-content\/uploads\/2018\/11\/moulage-polyurethane-grandson-suisse.jpg&#8220; button_on_hover=&#8220;on&#8220; text_orientation=&#8220;left&#8220; button_text_size__hover_enabled=&#8220;off&#8220; button_one_text_size__hover_enabled=&#8220;off&#8220; button_two_text_size__hover_enabled=&#8220;off&#8220; button_text_color__hover_enabled=&#8220;off&#8220; button_one_text_color__hover_enabled=&#8220;off&#8220; button_two_text_color__hover_enabled=&#8220;off&#8220; button_border_width__hover_enabled=&#8220;off&#8220; button_one_border_width__hover_enabled=&#8220;off&#8220; button_two_border_width__hover_enabled=&#8220;off&#8220; button_border_color__hover_enabled=&#8220;off&#8220; button_one_border_color__hover_enabled=&#8220;off&#8220; button_two_border_color__hover_enabled=&#8220;off&#8220; button_border_radius__hover_enabled=&#8220;off&#8220; button_one_border_radius__hover_enabled=&#8220;off&#8220; button_two_border_radius__hover_enabled=&#8220;off&#8220; button_letter_spacing__hover_enabled=&#8220;off&#8220; button_one_letter_spacing__hover_enabled=&#8220;off&#8220; button_two_letter_spacing__hover_enabled=&#8220;off&#8220; button_bg_color__hover_enabled=&#8220;off&#8220; button_one_bg_color__hover_enabled=&#8220;off&#8220; button_two_bg_color__hover_enabled=&#8220;off&#8220;]<\/p>\n<h3 style=\"text-align: left;\">FORMUNG UND BEARBEITUNG VON POLYURETHAN SEIT 1964<\/h3>\n<p>[\/et_pb_slide][\/et_pb_fullwidth_slider][et_pb_fullwidth_header text_orientation=&#8220;center&#8220; header_scroll_down=&#8220;on&#8220; scroll_down_icon_color=&#8220;#ffffff&#8220; module_class=&#8220;scroll&#8220; _builder_version=&#8220;4.0.7&#8243; background_color=&#8220;rgba(255,255,255,0)&#8220; button_one_text_size__hover_enabled=&#8220;off&#8220; button_two_text_size__hover_enabled=&#8220;off&#8220; button_one_text_color__hover_enabled=&#8220;off&#8220; button_two_text_color__hover_enabled=&#8220;off&#8220; button_one_border_width__hover_enabled=&#8220;off&#8220; button_two_border_width__hover_enabled=&#8220;off&#8220; button_one_border_color__hover_enabled=&#8220;off&#8220; button_two_border_color__hover_enabled=&#8220;off&#8220; button_one_border_radius__hover_enabled=&#8220;off&#8220; button_two_border_radius__hover_enabled=&#8220;off&#8220; button_one_letter_spacing__hover_enabled=&#8220;off&#8220; button_two_letter_spacing__hover_enabled=&#8220;off&#8220; button_one_bg_color__hover_enabled=&#8220;off&#8220; button_two_bg_color__hover_enabled=&#8220;off&#8220;][\/et_pb_fullwidth_header][\/et_pb_section][et_pb_section fb_built=&#8220;1&#8243; _builder_version=&#8220;3.22&#8243;][et_pb_row column_structure=&#8220;1_3,2_3&#8243; _builder_version=&#8220;3.25&#8243; background_size=&#8220;initial&#8220; background_position=&#8220;top_left&#8220; background_repeat=&#8220;repeat&#8220;][et_pb_column type=&#8220;1_3&#8243; _builder_version=&#8220;3.25&#8243; custom_padding=&#8220;|||&#8220; custom_padding__hover=&#8220;|||&#8220;][et_pb_text module_class=&#8220;Titre-home&#8220; _builder_version=&#8220;4.0.7&#8243;]<\/p>\n<h1>Polyurethan-Formung und Kunststoffbeschichtung, Schweiz<\/h1>\n<p>[\/et_pb_text][et_pb_text _builder_version=&#8220;4.0.7&#8243; animation_style=&#8220;slide&#8220; animation_direction=&#8220;left&#8220; animation_duration=&#8220;2000ms&#8220;]<\/p>\n<h2 class=\"titre\">Claude Piguet SA<\/h2>\n<p>[\/et_pb_text][\/et_pb_column][et_pb_column type=&#8220;2_3&#8243; _builder_version=&#8220;3.25&#8243; custom_padding=&#8220;|||&#8220; custom_padding__hover=&#8220;|||&#8220;][et_pb_text _builder_version=&#8220;4.0.7&#8243; animation_style=&#8220;slide&#8220; animation_direction=&#8220;right&#8220; animation_duration=&#8220;2000ms&#8220; hover_enabled=&#8220;0&#8243;]<\/p>\n<h2>FORMUNG UND BEARBEITUNG VON POLYURETHAN SEIT 1964<\/h2>\n<p>Kein mechanischer Prozess, ob klein oder gross, ist vor der Abnutzung seiner Teile gewahrt.<\/p>\n<p>Wenn solche Ersatzteile vorhanden sind, muss man sich keine Sorgen machen. Wenn es sie aber nicht gibt, k\u00f6nnen Sie sich an <a href=\"https:\/\/www.claude-piguet.ch\/de\/polyurethan-formung-grandson-schweiz\/\">Claude Piguet SA<\/a>, wenden, dem Spezialisten f\u00fcr das Formen und Bearbeiten von Polyurethan\u00a0seit 1964.<\/p>\n<p>Unabh\u00e4ngig vom Teil ist der erste Schritt die Herstellung der Form. Dann folgt die Herstellung der Mischung, die die H\u00e4rte unddie physikalischen, mechanischen und farblichen Eigenschaften definiert.<\/p>\n<p>Rollen, Kettenf\u00fchrungen, Laufrollen, Antriebsrollen, Kettenr\u00e4der&#8230; \u00fcberall dort, wo Abnutzung auftritt, besteht die M\u00f6glichkeit der Neugummierung mit einem Kunstharz.<\/p>\n<p><a href=\"https:\/\/www.claude-piguet.ch\/de\/polyurethan-formung-grandson-schweiz\/\">Claude Piguet SA<\/a>, ein Familien- und Handwerksbetrieb, bei dem alles ausschliesslich von den treuen Mitarbeitern hergestellt wird..<\/p>\n<p>[\/et_pb_text][\/et_pb_column][\/et_pb_row][\/et_pb_section][et_pb_section fb_built=&#8220;1&#8243; _builder_version=&#8220;3.22&#8243;][et_pb_row column_structure=&#8220;1_3,1_3,1_3&#8243; _builder_version=&#8220;3.25&#8243; background_size=&#8220;initial&#8220; background_position=&#8220;top_left&#8220; background_repeat=&#8220;repeat&#8220;][et_pb_column type=&#8220;1_3&#8243; _builder_version=&#8220;3.25&#8243; custom_padding=&#8220;|||&#8220; custom_padding__hover=&#8220;|||&#8220;][et_pb_text _builder_version=&#8220;4.0.7&#8243; header_2_text_align=&#8220;center&#8220; text_orientation=&#8220;center&#8220;]<span class=\"horlogerie\">&nbsp;<\/span><\/p>\n<h2>Uhrmacherei<\/h2>\n<p>Polyurethan erm\u00f6glicht die Herstellung von Werkzeugen (Schraubstockbacken), die widerstandsf\u00e4hig sind und sich f\u00fcr empfindliche Oberfl\u00e4chen eignen. Das Material eignet sich auch f\u00fcr die Herstellung von Polierwerkzeugen, die an die komplexesten Formen angepasst sind.[\/et_pb_text][\/et_pb_column][et_pb_column type=&#8220;1_3&#8243; _builder_version=&#8220;3.25&#8243; custom_padding=&#8220;|||&#8220; custom_padding__hover=&#8220;|||&#8220;][et_pb_text _builder_version=&#8220;4.0.7&#8243; header_2_text_align=&#8220;center&#8220; text_orientation=&#8220;center&#8220;]<span class=\"galets\">&nbsp;<\/span><\/p>\n<h2>Laufrollen<\/h2>\n<p>Polyurethanrollen in allen Durchmessern f\u00fcr ein breites Anwendungsspektrum.[\/et_pb_text][\/et_pb_column][et_pb_column type=&#8220;1_3&#8243; _builder_version=&#8220;3.25&#8243; custom_padding=&#8220;|||&#8220; custom_padding__hover=&#8220;|||&#8220;][et_pb_text _builder_version=&#8220;4.0.7&#8243; header_2_text_align=&#8220;center&#8220; text_orientation=&#8220;center&#8220;]<span class=\"prototype\">&nbsp;<\/span><\/p>\n<h2>Prototyp<\/h2>\n<p>Claude Piguet SA ber\u00e4t Sie bei der Herstellung von Prototypen und Serien je nach Anwendungsbereich und Anforderungen.[\/et_pb_text][\/et_pb_column][\/et_pb_row][\/et_pb_section][et_pb_section fb_built=&#8220;1&#8243; _builder_version=&#8220;3.22&#8243;][et_pb_row column_structure=&#8220;1_2,1_2&#8243; use_custom_gutter=&#8220;on&#8220; make_equal=&#8220;on&#8220; _builder_version=&#8220;3.25&#8243; width=&#8220;100%&#8220; max_width=&#8220;100%&#8220; module_alignment=&#8220;center&#8220; custom_padding=&#8220;0|0px|0|0px|false|false&#8220; use_custom_width=&#8220;on&#8220; width_unit=&#8220;off&#8220; custom_width_percent=&#8220;100%&#8220;][et_pb_column type=&#8220;1_2&#8243; module_class=&#8220;service&#8220; _builder_version=&#8220;3.25&#8243; background_image=&#8220;https:\/\/www.claude-piguet.ch\/wp-content\/uploads\/2018\/11\/moulage-polyurethane-yverdon-suisse.jpg&#8220; custom_padding=&#8220;|||&#8220; custom_padding__hover=&#8220;|||&#8220;][\/et_pb_column][et_pb_column type=&#8220;1_2&#8243; _builder_version=&#8220;3.25&#8243; custom_padding=&#8220;10vh||10vh|&#8220; custom_padding__hover=&#8220;|||&#8220;][et_pb_text _builder_version=&#8220;4.0.7&#8243; header_2_text_align=&#8220;left&#8220; custom_padding=&#8220;|20px||&#8220;]<\/p>\n<h2>Unsere Produkte<\/h2>\n<p>Polyurethan ist einer der wenigen Kunststoffe, die der Verarbeiter direkt aus Monomeren bildet.<br \/>\nPolyurethane sind heute Teil unseres t\u00e4glichen Lebens. Dank ihrer Festigkeit und Ausf\u00fchrung finden sie Anwendungen inder Automobilindustrie, in der Elektronik, in medizinischen Ger\u00e4ten und M\u00f6beln, im Bauwesen, in industriellen und landwirtschaftlichen Maschinen, Haushaltsger\u00e4ten, Sportartikeln, Prototypen und vielen anderen Bereichen.[\/et_pb_text][et_pb_button button_url=&#8220;https:\/\/www.claude-piguet.ch\/de\/polyurethan-formung-und-vulkanisation-in-der-schweiz\/&#8220; button_text=&#8220;MEHR ERFAHREN&#8220; button_alignment=&#8220;left&#8220; _builder_version=&#8220;4.0.7&#8243; custom_button=&#8220;on&#8220; button_use_icon=&#8220;off&#8220; button_text_size__hover_enabled=&#8220;off&#8220; button_one_text_size__hover_enabled=&#8220;off&#8220; button_two_text_size__hover_enabled=&#8220;off&#8220; button_text_color__hover_enabled=&#8220;off&#8220; button_one_text_color__hover_enabled=&#8220;off&#8220; button_two_text_color__hover_enabled=&#8220;off&#8220; button_border_width__hover_enabled=&#8220;off&#8220; button_one_border_width__hover_enabled=&#8220;off&#8220; button_two_border_width__hover_enabled=&#8220;off&#8220; button_border_color__hover_enabled=&#8220;off&#8220; button_one_border_color__hover_enabled=&#8220;off&#8220; button_two_border_color__hover_enabled=&#8220;off&#8220; button_border_radius__hover_enabled=&#8220;off&#8220; button_one_border_radius__hover_enabled=&#8220;off&#8220; button_two_border_radius__hover_enabled=&#8220;off&#8220; button_letter_spacing__hover_enabled=&#8220;off&#8220; button_one_letter_spacing__hover_enabled=&#8220;off&#8220; button_two_letter_spacing__hover_enabled=&#8220;off&#8220; button_bg_color__hover_enabled=&#8220;off&#8220; button_one_bg_color__hover_enabled=&#8220;off&#8220; button_two_bg_color__hover_enabled=&#8220;off&#8220;][\/et_pb_button][\/et_pb_column][\/et_pb_row][\/et_pb_section][et_pb_section fb_built=&#8220;1&#8243; _builder_version=&#8220;3.22&#8243;][et_pb_row column_structure=&#8220;1_3,1_3,1_3&#8243; _builder_version=&#8220;3.25&#8243; background_size=&#8220;initial&#8220; background_position=&#8220;top_left&#8220; background_repeat=&#8220;repeat&#8220;][et_pb_column type=&#8220;1_3&#8243; _builder_version=&#8220;3.25&#8243; custom_padding=&#8220;|||&#8220; custom_padding__hover=&#8220;|||&#8220;][et_pb_text _builder_version=&#8220;4.0.7&#8243; header_2_text_align=&#8220;center&#8220; text_orientation=&#8220;center&#8220;]<span class=\"protection\">&nbsp;<\/span><\/p>\n<h2>Schutzbacken<\/h2>\n<p>Dank der Polyurethan-Beschichtung k\u00f6nnen zerbrechliche Teile gespannt werden, ohne dass die Backen Markierungen hinterlassen.[\/et_pb_text][\/et_pb_column][et_pb_column type=&#8220;1_3&#8243; _builder_version=&#8220;3.25&#8243; custom_padding=&#8220;|||&#8220; custom_padding__hover=&#8220;|||&#8220;][et_pb_text _builder_version=&#8220;4.0.7&#8243; header_2_text_align=&#8220;center&#8220; text_orientation=&#8220;center&#8220;]<span class=\"rouleaux\">&nbsp;<\/span><\/p>\n<h2>Antriebsrollen<\/h2>\n<p>Die Erh\u00f6hung der physikalischen und chemischen Leistungsf\u00e4higkeit von Produkten auf Polyurethanbasis erm\u00f6glicht eine erhebliche Erh\u00f6hung der Lebensdauer der Ger\u00e4te und damit eine Steigerung der Produktivit\u00e4t.[\/et_pb_text][\/et_pb_column][et_pb_column type=&#8220;1_3&#8243; _builder_version=&#8220;3.25&#8243; custom_padding=&#8220;|||&#8220; custom_padding__hover=&#8220;|||&#8220;][et_pb_text _builder_version=&#8220;4.0.7&#8243; header_2_text_align=&#8220;center&#8220; text_orientation=&#8220;center&#8220;]<span class=\"rapide\">\u00a0<\/span><\/p>\n<h2>Schnelle Ausf\u00fchrung&#038;Flexibilit\u00e4t<\/h2>\n<p>Unser moderner und leistungsf\u00e4higer Maschinenpark und unser gro\u00dfer Rohstoffbestand erm\u00f6glichen es uns, sehr flexibel zu sein und schnell zu liefern.[\/et_pb_text][\/et_pb_column][\/et_pb_row][\/et_pb_section]<\/p>\n","protected":false},"excerpt":{"rendered":"<p>FORMUNG UND BEARBEITUNG VON POLYURETHAN SEIT 1964Polyurethan-Formung und Kunststoffbeschichtung, SchweizClaude Piguet SA FORMUNG UND BEARBEITUNG VON POLYURETHAN SEIT 1964 Kein mechanischer Prozess, ob klein oder gross, ist vor der Abnutzung seiner Teile gewahrt. Wenn solche Ersatzteile vorhanden sind, muss man sich keine Sorgen machen. Wenn es sie aber nicht gibt, k\u00f6nnen Sie sich an Claude [&hellip;]<\/p>\n","protected":false},"author":4,"featured_media":0,"parent":0,"menu_order":0,"comment_status":"closed","ping_status":"closed","template":"","meta":{"_et_pb_use_builder":"on","_et_pb_old_content":"","_et_gb_content_width":"","footnotes":""},"class_list":["post-322","page","type-page","status-publish","hentry"],"yoast_head":"<!-- This site is optimized with the Yoast SEO plugin v27.4 - https:\/\/yoast.com\/product\/yoast-seo-wordpress\/ -->\n<title>Claude Piguet SA | Polyurethan-Formung und Kunststoffbeschichtung, Schweiz<\/title>\n<meta name=\"description\" content=\"Claude Piguet SA ist ein Unternehmen, das sich auf Polyurethan-Formung, Kunststoffbeschichtung und Vulkanisation spezialisiert hat. Das in der Schweiz ans\u00e4ssige Unternehmen entwickelt diese Teile an seinem Standort in Grandson bei Yverdon. Ein reaktionsschnelles und flexibles Unternehmen.\" \/>\n<meta name=\"robots\" content=\"index, follow, max-snippet:-1, max-image-preview:large, max-video-preview:-1\" \/>\n<link rel=\"canonical\" href=\"https:\/\/www.claude-piguet.ch\/de\/polyurethan-formung-und-kunststoffbeschichtung-schweiz\/\" \/>\n<meta property=\"og:locale\" content=\"de_DE\" \/>\n<meta property=\"og:type\" content=\"article\" \/>\n<meta property=\"og:title\" content=\"Claude Piguet SA | Polyurethan-Formung und Kunststoffbeschichtung, Schweiz\" \/>\n<meta property=\"og:description\" content=\"Claude Piguet SA ist ein Unternehmen, das sich auf Polyurethan-Formung, Kunststoffbeschichtung und Vulkanisation spezialisiert hat. Das in der Schweiz ans\u00e4ssige Unternehmen entwickelt diese Teile an seinem Standort in Grandson bei Yverdon. Ein reaktionsschnelles und flexibles Unternehmen.\" \/>\n<meta property=\"og:url\" content=\"https:\/\/www.claude-piguet.ch\/de\/polyurethan-formung-und-kunststoffbeschichtung-schweiz\/\" \/>\n<meta property=\"og:site_name\" content=\"Claude Piguet\" \/>\n<meta property=\"article:modified_time\" content=\"2019-12-18T11:15:38+00:00\" \/>\n<meta name=\"twitter:card\" content=\"summary_large_image\" \/>\n<meta name=\"twitter:label1\" content=\"Gesch\u00e4tzte Lesezeit\" \/>\n\t<meta name=\"twitter:data1\" content=\"7\u00a0Minuten\" \/>\n<script type=\"application\/ld+json\" class=\"yoast-schema-graph\">{\"@context\":\"https:\\\/\\\/schema.org\",\"@graph\":[{\"@type\":\"WebPage\",\"@id\":\"https:\\\/\\\/www.claude-piguet.ch\\\/de\\\/polyurethan-formung-und-kunststoffbeschichtung-schweiz\\\/\",\"url\":\"https:\\\/\\\/www.claude-piguet.ch\\\/de\\\/polyurethan-formung-und-kunststoffbeschichtung-schweiz\\\/\",\"name\":\"Claude Piguet SA | Polyurethan-Formung und Kunststoffbeschichtung, Schweiz\",\"isPartOf\":{\"@id\":\"https:\\\/\\\/www.claude-piguet.ch\\\/NEW_2021\\\/#website\"},\"datePublished\":\"2018-10-18T23:27:29+00:00\",\"dateModified\":\"2019-12-18T11:15:38+00:00\",\"description\":\"Claude Piguet SA ist ein Unternehmen, das sich auf Polyurethan-Formung, Kunststoffbeschichtung und Vulkanisation spezialisiert hat. Das in der Schweiz ans\u00e4ssige Unternehmen entwickelt diese Teile an seinem Standort in Grandson bei Yverdon. Ein reaktionsschnelles und flexibles Unternehmen.\",\"breadcrumb\":{\"@id\":\"https:\\\/\\\/www.claude-piguet.ch\\\/de\\\/polyurethan-formung-und-kunststoffbeschichtung-schweiz\\\/#breadcrumb\"},\"inLanguage\":\"de\",\"potentialAction\":[{\"@type\":\"ReadAction\",\"target\":[\"https:\\\/\\\/www.claude-piguet.ch\\\/de\\\/polyurethan-formung-und-kunststoffbeschichtung-schweiz\\\/\"]}]},{\"@type\":\"BreadcrumbList\",\"@id\":\"https:\\\/\\\/www.claude-piguet.ch\\\/de\\\/polyurethan-formung-und-kunststoffbeschichtung-schweiz\\\/#breadcrumb\",\"itemListElement\":[{\"@type\":\"ListItem\",\"position\":1,\"name\":\"Accueil\",\"item\":\"https:\\\/\\\/www.claude-piguet.ch\\\/de\\\/polyurethan-formung-und-kunststoffbeschichtung-schweiz\\\/\"},{\"@type\":\"ListItem\",\"position\":2,\"name\":\"willkommen\"}]},{\"@type\":\"WebSite\",\"@id\":\"https:\\\/\\\/www.claude-piguet.ch\\\/NEW_2021\\\/#website\",\"url\":\"https:\\\/\\\/www.claude-piguet.ch\\\/NEW_2021\\\/\",\"name\":\"Claude Piguet\",\"description\":\"Moulage Polyur\u00e9thane et Rev\u00eatement plastique, Suisse\",\"publisher\":{\"@id\":\"https:\\\/\\\/www.claude-piguet.ch\\\/NEW_2021\\\/#organization\"},\"potentialAction\":[{\"@type\":\"SearchAction\",\"target\":{\"@type\":\"EntryPoint\",\"urlTemplate\":\"https:\\\/\\\/www.claude-piguet.ch\\\/NEW_2021\\\/?s={search_term_string}\"},\"query-input\":{\"@type\":\"PropertyValueSpecification\",\"valueRequired\":true,\"valueName\":\"search_term_string\"}}],\"inLanguage\":\"de\"},{\"@type\":\"Organization\",\"@id\":\"https:\\\/\\\/www.claude-piguet.ch\\\/NEW_2021\\\/#organization\",\"name\":\"CLAUDE PIGUET SA\",\"url\":\"https:\\\/\\\/www.claude-piguet.ch\\\/NEW_2021\\\/\",\"logo\":{\"@type\":\"ImageObject\",\"inLanguage\":\"de\",\"@id\":\"https:\\\/\\\/www.claude-piguet.ch\\\/NEW_2021\\\/#\\\/schema\\\/logo\\\/image\\\/\",\"url\":\"https:\\\/\\\/www.claude-piguet.ch\\\/wp-content\\\/uploads\\\/2018\\\/10\\\/cropped-logo3.png\",\"contentUrl\":\"https:\\\/\\\/www.claude-piguet.ch\\\/wp-content\\\/uploads\\\/2018\\\/10\\\/cropped-logo3.png\",\"width\":512,\"height\":512,\"caption\":\"CLAUDE PIGUET SA\"},\"image\":{\"@id\":\"https:\\\/\\\/www.claude-piguet.ch\\\/NEW_2021\\\/#\\\/schema\\\/logo\\\/image\\\/\"}}]}<\/script>\n<!-- \/ Yoast SEO plugin. -->","yoast_head_json":{"title":"Claude Piguet SA | Polyurethan-Formung und Kunststoffbeschichtung, Schweiz","description":"Claude Piguet SA ist ein Unternehmen, das sich auf Polyurethan-Formung, Kunststoffbeschichtung und Vulkanisation spezialisiert hat. Das in der Schweiz ans\u00e4ssige Unternehmen entwickelt diese Teile an seinem Standort in Grandson bei Yverdon. Ein reaktionsschnelles und flexibles Unternehmen.","robots":{"index":"index","follow":"follow","max-snippet":"max-snippet:-1","max-image-preview":"max-image-preview:large","max-video-preview":"max-video-preview:-1"},"canonical":"https:\/\/www.claude-piguet.ch\/de\/polyurethan-formung-und-kunststoffbeschichtung-schweiz\/","og_locale":"de_DE","og_type":"article","og_title":"Claude Piguet SA | Polyurethan-Formung und Kunststoffbeschichtung, Schweiz","og_description":"Claude Piguet SA ist ein Unternehmen, das sich auf Polyurethan-Formung, Kunststoffbeschichtung und Vulkanisation spezialisiert hat. Das in der Schweiz ans\u00e4ssige Unternehmen entwickelt diese Teile an seinem Standort in Grandson bei Yverdon. Ein reaktionsschnelles und flexibles Unternehmen.","og_url":"https:\/\/www.claude-piguet.ch\/de\/polyurethan-formung-und-kunststoffbeschichtung-schweiz\/","og_site_name":"Claude Piguet","article_modified_time":"2019-12-18T11:15:38+00:00","twitter_card":"summary_large_image","twitter_misc":{"Gesch\u00e4tzte Lesezeit":"7\u00a0Minuten"},"schema":{"@context":"https:\/\/schema.org","@graph":[{"@type":"WebPage","@id":"https:\/\/www.claude-piguet.ch\/de\/polyurethan-formung-und-kunststoffbeschichtung-schweiz\/","url":"https:\/\/www.claude-piguet.ch\/de\/polyurethan-formung-und-kunststoffbeschichtung-schweiz\/","name":"Claude Piguet SA | Polyurethan-Formung und Kunststoffbeschichtung, Schweiz","isPartOf":{"@id":"https:\/\/www.claude-piguet.ch\/NEW_2021\/#website"},"datePublished":"2018-10-18T23:27:29+00:00","dateModified":"2019-12-18T11:15:38+00:00","description":"Claude Piguet SA ist ein Unternehmen, das sich auf Polyurethan-Formung, Kunststoffbeschichtung und Vulkanisation spezialisiert hat. Das in der Schweiz ans\u00e4ssige Unternehmen entwickelt diese Teile an seinem Standort in Grandson bei Yverdon. Ein reaktionsschnelles und flexibles Unternehmen.","breadcrumb":{"@id":"https:\/\/www.claude-piguet.ch\/de\/polyurethan-formung-und-kunststoffbeschichtung-schweiz\/#breadcrumb"},"inLanguage":"de","potentialAction":[{"@type":"ReadAction","target":["https:\/\/www.claude-piguet.ch\/de\/polyurethan-formung-und-kunststoffbeschichtung-schweiz\/"]}]},{"@type":"BreadcrumbList","@id":"https:\/\/www.claude-piguet.ch\/de\/polyurethan-formung-und-kunststoffbeschichtung-schweiz\/#breadcrumb","itemListElement":[{"@type":"ListItem","position":1,"name":"Accueil","item":"https:\/\/www.claude-piguet.ch\/de\/polyurethan-formung-und-kunststoffbeschichtung-schweiz\/"},{"@type":"ListItem","position":2,"name":"willkommen"}]},{"@type":"WebSite","@id":"https:\/\/www.claude-piguet.ch\/NEW_2021\/#website","url":"https:\/\/www.claude-piguet.ch\/NEW_2021\/","name":"Claude Piguet","description":"Moulage Polyur\u00e9thane et Rev\u00eatement plastique, Suisse","publisher":{"@id":"https:\/\/www.claude-piguet.ch\/NEW_2021\/#organization"},"potentialAction":[{"@type":"SearchAction","target":{"@type":"EntryPoint","urlTemplate":"https:\/\/www.claude-piguet.ch\/NEW_2021\/?s={search_term_string}"},"query-input":{"@type":"PropertyValueSpecification","valueRequired":true,"valueName":"search_term_string"}}],"inLanguage":"de"},{"@type":"Organization","@id":"https:\/\/www.claude-piguet.ch\/NEW_2021\/#organization","name":"CLAUDE PIGUET SA","url":"https:\/\/www.claude-piguet.ch\/NEW_2021\/","logo":{"@type":"ImageObject","inLanguage":"de","@id":"https:\/\/www.claude-piguet.ch\/NEW_2021\/#\/schema\/logo\/image\/","url":"https:\/\/www.claude-piguet.ch\/wp-content\/uploads\/2018\/10\/cropped-logo3.png","contentUrl":"https:\/\/www.claude-piguet.ch\/wp-content\/uploads\/2018\/10\/cropped-logo3.png","width":512,"height":512,"caption":"CLAUDE PIGUET SA"},"image":{"@id":"https:\/\/www.claude-piguet.ch\/NEW_2021\/#\/schema\/logo\/image\/"}}]}},"_links":{"self":[{"href":"https:\/\/www.claude-piguet.ch\/de\/wp-json\/wp\/v2\/pages\/322","targetHints":{"allow":["GET"]}}],"collection":[{"href":"https:\/\/www.claude-piguet.ch\/de\/wp-json\/wp\/v2\/pages"}],"about":[{"href":"https:\/\/www.claude-piguet.ch\/de\/wp-json\/wp\/v2\/types\/page"}],"author":[{"embeddable":true,"href":"https:\/\/www.claude-piguet.ch\/de\/wp-json\/wp\/v2\/users\/4"}],"replies":[{"embeddable":true,"href":"https:\/\/www.claude-piguet.ch\/de\/wp-json\/wp\/v2\/comments?post=322"}],"version-history":[{"count":10,"href":"https:\/\/www.claude-piguet.ch\/de\/wp-json\/wp\/v2\/pages\/322\/revisions"}],"predecessor-version":[{"id":508,"href":"https:\/\/www.claude-piguet.ch\/de\/wp-json\/wp\/v2\/pages\/322\/revisions\/508"}],"wp:attachment":[{"href":"https:\/\/www.claude-piguet.ch\/de\/wp-json\/wp\/v2\/media?parent=322"}],"curies":[{"name":"wp","href":"https:\/\/api.w.org\/{rel}","templated":true}]}}