{"id":370,"date":"2018-10-19T01:27:54","date_gmt":"2018-10-18T23:27:54","guid":{"rendered":"https:\/\/www.claude-piguet.ch\/moulage-polyurethane-grandson-suisse\/"},"modified":"2025-12-08T21:00:18","modified_gmt":"2025-12-08T20:00:18","slug":"polyurethan-formung-grandson-schweiz","status":"publish","type":"page","link":"https:\/\/www.claude-piguet.ch\/de\/polyurethan-formung-grandson-schweiz\/","title":{"rendered":"CLAUDE PIGUET SA"},"content":{"rendered":"<p>[et_pb_section fb_built=&#8220;1&#8243; _builder_version=&#8220;3.22&#8243; custom_margin=&#8220;0px||0px|&#8220; custom_padding=&#8220;0px||0px|&#8220;][et_pb_row column_structure=&#8220;1_2,1_2&#8243; use_custom_gutter=&#8220;on&#8220; gutter_width=&#8220;1&#8243; make_equal=&#8220;on&#8220; _builder_version=&#8220;3.25&#8243; width=&#8220;100%&#8220; max_width=&#8220;100%&#8220; module_alignment=&#8220;center&#8220; custom_margin=&#8220;0px||0px|&#8220; custom_padding=&#8220;0px||0px|&#8220; custom_css_main_element=&#8220;height:100vh;&#8220; use_custom_width=&#8220;on&#8220; width_unit=&#8220;off&#8220; custom_width_percent=&#8220;100%&#8220;][et_pb_column type=&#8220;1_2&#8243; _builder_version=&#8220;3.25&#8243; background_image=&#8220;https:\/\/www.claude-piguet.ch\/wp-content\/uploads\/2018\/11\/revetement-plastique-grandson-suisse.jpg&#8220; custom_padding=&#8220;|||&#8220; custom_padding__hover=&#8220;|||&#8220;][\/et_pb_column][et_pb_column type=&#8220;1_2&#8243; _builder_version=&#8220;3.25&#8243; custom_padding=&#8220;|||&#8220; custom_padding__hover=&#8220;|||&#8220;][et_pb_text _builder_version=&#8220;4.0.7&#8243; custom_padding=&#8220;20px|20px|20px|20px&#8220; hover_enabled=&#8220;0&#8243;]<\/p>\n<h2>Claude Piguet SA: pers\u00f6nliche technische Beratung<\/h2>\n<p><b>Claude Piguet SA<\/b>\u00a0wurde 1964 von Herrn Claude Piguet gegr\u00fcndet und hat ihren Sitz in Grandson, im Kanton Waadt. Das Unternehmen wurde 1991 von Herrn Maire \u00fcbernommen und besch\u00e4ftigt derzeit 11 qualifizierte Mitarbeiter.<\/p>\n<p><img loading=\"lazy\" decoding=\"async\" class=\"alignnone wp-image-120 size-full\" src=\"https:\/\/www.claude-piguet.ch\/wp-content\/uploads\/2018\/10\/machine2.png\" alt=\"machine2\" width=\"500\" height=\"247\" srcset=\"https:\/\/www.claude-piguet.ch\/wp-content\/uploads\/2018\/10\/machine2.png 500w, https:\/\/www.claude-piguet.ch\/wp-content\/uploads\/2018\/10\/machine2-300x148.png 300w\" sizes=\"(max-width: 500px) 100vw, 500px\" \/><\/p>\n<p>Wir bieten Ihnen die Fertigung Prototypen und Machbarkeitstests (Materialauswahl) an.<br \/>Wir stellen Ihnen unsere Kompetenzen und Erfahrungen zur Verf\u00fcgung. Wir sind in der Lage, Sie pers\u00f6nlich bei der Materialauswahl, der Verbindungstechniken, den Toleranzen und der Dimensionierung der Teile zu beraten.<\/p>\n<p>[\/et_pb_text][et_pb_text module_class=&#8220;Titre-home&#8220; _builder_version=&#8220;4.0.7&#8243; hover_enabled=&#8220;0&#8243;]<\/p>\n<h1>Polyurethan-Formung Grandson Schweiz<\/h1>\n<p>[\/et_pb_text][\/et_pb_column][\/et_pb_row][\/et_pb_section]<\/p>\n","protected":false},"excerpt":{"rendered":"<p>Claude Piguet SA: pers\u00f6nliche technische Beratung Claude Piguet SA\u00a0wurde 1964 von Herrn Claude Piguet gegr\u00fcndet und hat ihren Sitz in Grandson, im Kanton Waadt. Das Unternehmen wurde 1991 von Herrn Maire \u00fcbernommen und besch\u00e4ftigt derzeit 11 qualifizierte Mitarbeiter. Wir bieten Ihnen die Fertigung Prototypen und Machbarkeitstests (Materialauswahl) an.Wir stellen Ihnen unsere Kompetenzen und Erfahrungen zur [&hellip;]<\/p>\n","protected":false},"author":4,"featured_media":0,"parent":0,"menu_order":0,"comment_status":"closed","ping_status":"closed","template":"","meta":{"_et_pb_use_builder":"on","_et_pb_old_content":"","_et_gb_content_width":"","footnotes":""},"class_list":["post-370","page","type-page","status-publish","hentry"],"yoast_head":"<!-- This site is optimized with the Yoast SEO plugin v27.4 - https:\/\/yoast.com\/product\/yoast-seo-wordpress\/ -->\n<title>Claude Piguet | Polyurethan-Formung Grandson Schweiz<\/title>\n<meta name=\"description\" content=\"Claude Piguet SA ist ein in die Verarbeitung von Polyurethan spezialisiertes Unternehmen in Grandson, Schweiz. Entdecken Sie die verschiedenen T\u00e4tigkeitsbereiche wie Kunststoffbeschichtung und Vulkanisation auf dem Standort in Grandson, Schweiz.\" \/>\n<meta name=\"robots\" content=\"index, follow, max-snippet:-1, max-image-preview:large, max-video-preview:-1\" \/>\n<link rel=\"canonical\" href=\"https:\/\/www.claude-piguet.ch\/de\/polyurethan-formung-grandson-schweiz\/\" \/>\n<meta property=\"og:locale\" content=\"de_DE\" \/>\n<meta property=\"og:type\" content=\"article\" \/>\n<meta property=\"og:title\" content=\"Claude Piguet | Polyurethan-Formung Grandson Schweiz\" \/>\n<meta property=\"og:description\" content=\"Claude Piguet SA ist ein in die Verarbeitung von Polyurethan spezialisiertes Unternehmen in Grandson, Schweiz. Entdecken Sie die verschiedenen T\u00e4tigkeitsbereiche wie Kunststoffbeschichtung und Vulkanisation auf dem Standort in Grandson, Schweiz.\" \/>\n<meta property=\"og:url\" content=\"https:\/\/www.claude-piguet.ch\/de\/polyurethan-formung-grandson-schweiz\/\" \/>\n<meta property=\"og:site_name\" content=\"Claude Piguet\" \/>\n<meta property=\"article:modified_time\" content=\"2025-12-08T20:00:18+00:00\" \/>\n<meta property=\"og:image\" content=\"https:\/\/www.claude-piguet.ch\/wp-content\/uploads\/2018\/10\/machine2.png\" \/>\n\t<meta property=\"og:image:width\" content=\"500\" \/>\n\t<meta property=\"og:image:height\" content=\"247\" \/>\n\t<meta property=\"og:image:type\" content=\"image\/png\" \/>\n<meta name=\"twitter:card\" content=\"summary_large_image\" \/>\n<meta name=\"twitter:label1\" content=\"Gesch\u00e4tzte Lesezeit\" \/>\n\t<meta name=\"twitter:data1\" content=\"1\u00a0Minute\" \/>\n<script type=\"application\/ld+json\" class=\"yoast-schema-graph\">{\"@context\":\"https:\\\/\\\/schema.org\",\"@graph\":[{\"@type\":\"WebPage\",\"@id\":\"https:\\\/\\\/www.claude-piguet.ch\\\/de\\\/polyurethan-formung-grandson-schweiz\\\/\",\"url\":\"https:\\\/\\\/www.claude-piguet.ch\\\/de\\\/polyurethan-formung-grandson-schweiz\\\/\",\"name\":\"Claude Piguet | Polyurethan-Formung Grandson Schweiz\",\"isPartOf\":{\"@id\":\"https:\\\/\\\/www.claude-piguet.ch\\\/NEW_2021\\\/#website\"},\"primaryImageOfPage\":{\"@id\":\"https:\\\/\\\/www.claude-piguet.ch\\\/de\\\/polyurethan-formung-grandson-schweiz\\\/#primaryimage\"},\"image\":{\"@id\":\"https:\\\/\\\/www.claude-piguet.ch\\\/de\\\/polyurethan-formung-grandson-schweiz\\\/#primaryimage\"},\"thumbnailUrl\":\"https:\\\/\\\/www.claude-piguet.ch\\\/wp-content\\\/uploads\\\/2018\\\/10\\\/machine2.png\",\"datePublished\":\"2018-10-18T23:27:54+00:00\",\"dateModified\":\"2025-12-08T20:00:18+00:00\",\"description\":\"Claude Piguet SA ist ein in die Verarbeitung von Polyurethan spezialisiertes Unternehmen in Grandson, Schweiz. Entdecken Sie die verschiedenen T\u00e4tigkeitsbereiche wie Kunststoffbeschichtung und Vulkanisation auf dem Standort in Grandson, Schweiz.\",\"breadcrumb\":{\"@id\":\"https:\\\/\\\/www.claude-piguet.ch\\\/de\\\/polyurethan-formung-grandson-schweiz\\\/#breadcrumb\"},\"inLanguage\":\"de\",\"potentialAction\":[{\"@type\":\"ReadAction\",\"target\":[\"https:\\\/\\\/www.claude-piguet.ch\\\/de\\\/polyurethan-formung-grandson-schweiz\\\/\"]}]},{\"@type\":\"ImageObject\",\"inLanguage\":\"de\",\"@id\":\"https:\\\/\\\/www.claude-piguet.ch\\\/de\\\/polyurethan-formung-grandson-schweiz\\\/#primaryimage\",\"url\":\"https:\\\/\\\/www.claude-piguet.ch\\\/wp-content\\\/uploads\\\/2018\\\/10\\\/machine2.png\",\"contentUrl\":\"https:\\\/\\\/www.claude-piguet.ch\\\/wp-content\\\/uploads\\\/2018\\\/10\\\/machine2.png\"},{\"@type\":\"BreadcrumbList\",\"@id\":\"https:\\\/\\\/www.claude-piguet.ch\\\/de\\\/polyurethan-formung-grandson-schweiz\\\/#breadcrumb\",\"itemListElement\":[{\"@type\":\"ListItem\",\"position\":1,\"name\":\"Accueil\",\"item\":\"https:\\\/\\\/www.claude-piguet.ch\\\/de\\\/polyurethan-formung-und-kunststoffbeschichtung-schweiz\\\/\"},{\"@type\":\"ListItem\",\"position\":2,\"name\":\"CLAUDE PIGUET SA\"}]},{\"@type\":\"WebSite\",\"@id\":\"https:\\\/\\\/www.claude-piguet.ch\\\/NEW_2021\\\/#website\",\"url\":\"https:\\\/\\\/www.claude-piguet.ch\\\/NEW_2021\\\/\",\"name\":\"Claude Piguet\",\"description\":\"Moulage Polyur\u00e9thane et Rev\u00eatement plastique, Suisse\",\"publisher\":{\"@id\":\"https:\\\/\\\/www.claude-piguet.ch\\\/NEW_2021\\\/#organization\"},\"potentialAction\":[{\"@type\":\"SearchAction\",\"target\":{\"@type\":\"EntryPoint\",\"urlTemplate\":\"https:\\\/\\\/www.claude-piguet.ch\\\/NEW_2021\\\/?s={search_term_string}\"},\"query-input\":{\"@type\":\"PropertyValueSpecification\",\"valueRequired\":true,\"valueName\":\"search_term_string\"}}],\"inLanguage\":\"de\"},{\"@type\":\"Organization\",\"@id\":\"https:\\\/\\\/www.claude-piguet.ch\\\/NEW_2021\\\/#organization\",\"name\":\"CLAUDE PIGUET SA\",\"url\":\"https:\\\/\\\/www.claude-piguet.ch\\\/NEW_2021\\\/\",\"logo\":{\"@type\":\"ImageObject\",\"inLanguage\":\"de\",\"@id\":\"https:\\\/\\\/www.claude-piguet.ch\\\/NEW_2021\\\/#\\\/schema\\\/logo\\\/image\\\/\",\"url\":\"https:\\\/\\\/www.claude-piguet.ch\\\/wp-content\\\/uploads\\\/2018\\\/10\\\/cropped-logo3.png\",\"contentUrl\":\"https:\\\/\\\/www.claude-piguet.ch\\\/wp-content\\\/uploads\\\/2018\\\/10\\\/cropped-logo3.png\",\"width\":512,\"height\":512,\"caption\":\"CLAUDE PIGUET SA\"},\"image\":{\"@id\":\"https:\\\/\\\/www.claude-piguet.ch\\\/NEW_2021\\\/#\\\/schema\\\/logo\\\/image\\\/\"}}]}<\/script>\n<!-- \/ Yoast SEO plugin. -->","yoast_head_json":{"title":"Claude Piguet | Polyurethan-Formung Grandson Schweiz","description":"Claude Piguet SA ist ein in die Verarbeitung von Polyurethan spezialisiertes Unternehmen in Grandson, Schweiz. Entdecken Sie die verschiedenen T\u00e4tigkeitsbereiche wie Kunststoffbeschichtung und Vulkanisation auf dem Standort in Grandson, Schweiz.","robots":{"index":"index","follow":"follow","max-snippet":"max-snippet:-1","max-image-preview":"max-image-preview:large","max-video-preview":"max-video-preview:-1"},"canonical":"https:\/\/www.claude-piguet.ch\/de\/polyurethan-formung-grandson-schweiz\/","og_locale":"de_DE","og_type":"article","og_title":"Claude Piguet | Polyurethan-Formung Grandson Schweiz","og_description":"Claude Piguet SA ist ein in die Verarbeitung von Polyurethan spezialisiertes Unternehmen in Grandson, Schweiz. Entdecken Sie die verschiedenen T\u00e4tigkeitsbereiche wie Kunststoffbeschichtung und Vulkanisation auf dem Standort in Grandson, Schweiz.","og_url":"https:\/\/www.claude-piguet.ch\/de\/polyurethan-formung-grandson-schweiz\/","og_site_name":"Claude Piguet","article_modified_time":"2025-12-08T20:00:18+00:00","og_image":[{"width":500,"height":247,"url":"https:\/\/www.claude-piguet.ch\/wp-content\/uploads\/2018\/10\/machine2.png","type":"image\/png"}],"twitter_card":"summary_large_image","twitter_misc":{"Gesch\u00e4tzte Lesezeit":"1\u00a0Minute"},"schema":{"@context":"https:\/\/schema.org","@graph":[{"@type":"WebPage","@id":"https:\/\/www.claude-piguet.ch\/de\/polyurethan-formung-grandson-schweiz\/","url":"https:\/\/www.claude-piguet.ch\/de\/polyurethan-formung-grandson-schweiz\/","name":"Claude Piguet | Polyurethan-Formung Grandson Schweiz","isPartOf":{"@id":"https:\/\/www.claude-piguet.ch\/NEW_2021\/#website"},"primaryImageOfPage":{"@id":"https:\/\/www.claude-piguet.ch\/de\/polyurethan-formung-grandson-schweiz\/#primaryimage"},"image":{"@id":"https:\/\/www.claude-piguet.ch\/de\/polyurethan-formung-grandson-schweiz\/#primaryimage"},"thumbnailUrl":"https:\/\/www.claude-piguet.ch\/wp-content\/uploads\/2018\/10\/machine2.png","datePublished":"2018-10-18T23:27:54+00:00","dateModified":"2025-12-08T20:00:18+00:00","description":"Claude Piguet SA ist ein in die Verarbeitung von Polyurethan spezialisiertes Unternehmen in Grandson, Schweiz. Entdecken Sie die verschiedenen T\u00e4tigkeitsbereiche wie Kunststoffbeschichtung und Vulkanisation auf dem Standort in Grandson, Schweiz.","breadcrumb":{"@id":"https:\/\/www.claude-piguet.ch\/de\/polyurethan-formung-grandson-schweiz\/#breadcrumb"},"inLanguage":"de","potentialAction":[{"@type":"ReadAction","target":["https:\/\/www.claude-piguet.ch\/de\/polyurethan-formung-grandson-schweiz\/"]}]},{"@type":"ImageObject","inLanguage":"de","@id":"https:\/\/www.claude-piguet.ch\/de\/polyurethan-formung-grandson-schweiz\/#primaryimage","url":"https:\/\/www.claude-piguet.ch\/wp-content\/uploads\/2018\/10\/machine2.png","contentUrl":"https:\/\/www.claude-piguet.ch\/wp-content\/uploads\/2018\/10\/machine2.png"},{"@type":"BreadcrumbList","@id":"https:\/\/www.claude-piguet.ch\/de\/polyurethan-formung-grandson-schweiz\/#breadcrumb","itemListElement":[{"@type":"ListItem","position":1,"name":"Accueil","item":"https:\/\/www.claude-piguet.ch\/de\/polyurethan-formung-und-kunststoffbeschichtung-schweiz\/"},{"@type":"ListItem","position":2,"name":"CLAUDE PIGUET SA"}]},{"@type":"WebSite","@id":"https:\/\/www.claude-piguet.ch\/NEW_2021\/#website","url":"https:\/\/www.claude-piguet.ch\/NEW_2021\/","name":"Claude Piguet","description":"Moulage Polyur\u00e9thane et Rev\u00eatement plastique, Suisse","publisher":{"@id":"https:\/\/www.claude-piguet.ch\/NEW_2021\/#organization"},"potentialAction":[{"@type":"SearchAction","target":{"@type":"EntryPoint","urlTemplate":"https:\/\/www.claude-piguet.ch\/NEW_2021\/?s={search_term_string}"},"query-input":{"@type":"PropertyValueSpecification","valueRequired":true,"valueName":"search_term_string"}}],"inLanguage":"de"},{"@type":"Organization","@id":"https:\/\/www.claude-piguet.ch\/NEW_2021\/#organization","name":"CLAUDE PIGUET SA","url":"https:\/\/www.claude-piguet.ch\/NEW_2021\/","logo":{"@type":"ImageObject","inLanguage":"de","@id":"https:\/\/www.claude-piguet.ch\/NEW_2021\/#\/schema\/logo\/image\/","url":"https:\/\/www.claude-piguet.ch\/wp-content\/uploads\/2018\/10\/cropped-logo3.png","contentUrl":"https:\/\/www.claude-piguet.ch\/wp-content\/uploads\/2018\/10\/cropped-logo3.png","width":512,"height":512,"caption":"CLAUDE PIGUET SA"},"image":{"@id":"https:\/\/www.claude-piguet.ch\/NEW_2021\/#\/schema\/logo\/image\/"}}]}},"_links":{"self":[{"href":"https:\/\/www.claude-piguet.ch\/de\/wp-json\/wp\/v2\/pages\/370","targetHints":{"allow":["GET"]}}],"collection":[{"href":"https:\/\/www.claude-piguet.ch\/de\/wp-json\/wp\/v2\/pages"}],"about":[{"href":"https:\/\/www.claude-piguet.ch\/de\/wp-json\/wp\/v2\/types\/page"}],"author":[{"embeddable":true,"href":"https:\/\/www.claude-piguet.ch\/de\/wp-json\/wp\/v2\/users\/4"}],"replies":[{"embeddable":true,"href":"https:\/\/www.claude-piguet.ch\/de\/wp-json\/wp\/v2\/comments?post=370"}],"version-history":[{"count":3,"href":"https:\/\/www.claude-piguet.ch\/de\/wp-json\/wp\/v2\/pages\/370\/revisions"}],"predecessor-version":[{"id":441,"href":"https:\/\/www.claude-piguet.ch\/de\/wp-json\/wp\/v2\/pages\/370\/revisions\/441"}],"wp:attachment":[{"href":"https:\/\/www.claude-piguet.ch\/de\/wp-json\/wp\/v2\/media?parent=370"}],"curies":[{"name":"wp","href":"https:\/\/api.w.org\/{rel}","templated":true}]}}