{"id":424,"date":"2018-10-19T01:29:50","date_gmt":"2018-10-18T23:29:50","guid":{"rendered":"https:\/\/www.claude-piguet.ch\/contact-entreprise-en-suisse-qui-traite-polyurethane\/"},"modified":"2023-12-14T10:02:22","modified_gmt":"2023-12-14T09:02:22","slug":"kontakt-unternehmen-in-der-schweiz-das-polyurethan-verarbeitet","status":"publish","type":"page","link":"https:\/\/www.claude-piguet.ch\/de\/kontakt-unternehmen-in-der-schweiz-das-polyurethan-verarbeitet\/","title":{"rendered":"Kontakt"},"content":{"rendered":"<p>[et_pb_section fb_built=&#8220;1&#8243; fullwidth=&#8220;on&#8220; _builder_version=&#8220;4.16&#8243; global_colors_info=&#8220;{}&#8220;][et_pb_fullwidth_slider _builder_version=&#8220;4.16&#8243; global_colors_info=&#8220;{}&#8220; button_text_size__hover_enabled=&#8220;off&#8220; button_one_text_size__hover_enabled=&#8220;off&#8220; button_two_text_size__hover_enabled=&#8220;off&#8220; button_text_color__hover_enabled=&#8220;off&#8220; button_one_text_color__hover_enabled=&#8220;off&#8220; button_two_text_color__hover_enabled=&#8220;off&#8220; button_border_width__hover_enabled=&#8220;off&#8220; button_one_border_width__hover_enabled=&#8220;off&#8220; button_two_border_width__hover_enabled=&#8220;off&#8220; button_border_color__hover_enabled=&#8220;off&#8220; button_one_border_color__hover_enabled=&#8220;off&#8220; button_two_border_color__hover_enabled=&#8220;off&#8220; button_border_radius__hover_enabled=&#8220;off&#8220; button_one_border_radius__hover_enabled=&#8220;off&#8220; button_two_border_radius__hover_enabled=&#8220;off&#8220; button_letter_spacing__hover_enabled=&#8220;off&#8220; button_one_letter_spacing__hover_enabled=&#8220;off&#8220; button_two_letter_spacing__hover_enabled=&#8220;off&#8220; button_bg_color__hover_enabled=&#8220;off&#8220; button_one_bg_color__hover_enabled=&#8220;off&#8220; button_two_bg_color__hover_enabled=&#8220;off&#8220;][et_pb_slide use_bg_overlay=&#8220;off&#8220; use_text_overlay=&#8220;off&#8220; _builder_version=&#8220;4.16&#8243; background_color=&#8220;#ffffff&#8220; background_image=&#8220;https:\/\/www.claude-piguet.ch\/wp-content\/uploads\/2018\/11\/vulcanisation-yverdon-suisse.jpg&#8220; button_on_hover=&#8220;on&#8220; global_colors_info=&#8220;{}&#8220; button_text_size__hover_enabled=&#8220;off&#8220; button_one_text_size__hover_enabled=&#8220;off&#8220; button_two_text_size__hover_enabled=&#8220;off&#8220; button_text_color__hover_enabled=&#8220;off&#8220; button_one_text_color__hover_enabled=&#8220;off&#8220; button_two_text_color__hover_enabled=&#8220;off&#8220; button_border_width__hover_enabled=&#8220;off&#8220; button_one_border_width__hover_enabled=&#8220;off&#8220; button_two_border_width__hover_enabled=&#8220;off&#8220; button_border_color__hover_enabled=&#8220;off&#8220; button_one_border_color__hover_enabled=&#8220;off&#8220; button_two_border_color__hover_enabled=&#8220;off&#8220; button_border_radius__hover_enabled=&#8220;off&#8220; button_one_border_radius__hover_enabled=&#8220;off&#8220; button_two_border_radius__hover_enabled=&#8220;off&#8220; button_letter_spacing__hover_enabled=&#8220;off&#8220; button_one_letter_spacing__hover_enabled=&#8220;off&#8220; button_two_letter_spacing__hover_enabled=&#8220;off&#8220; button_bg_color__hover_enabled=&#8220;off&#8220; button_one_bg_color__hover_enabled=&#8220;off&#8220; button_two_bg_color__hover_enabled=&#8220;off&#8220; sticky_transition=&#8220;on&#8220;][\/et_pb_slide][\/et_pb_fullwidth_slider][\/et_pb_section][et_pb_section fb_built=&#8220;1&#8243; _builder_version=&#8220;4.16&#8243; global_colors_info=&#8220;{}&#8220;][et_pb_row column_structure=&#8220;1_2,1_2&#8243; _builder_version=&#8220;4.16&#8243; background_size=&#8220;initial&#8220; background_position=&#8220;top_left&#8220; background_repeat=&#8220;repeat&#8220; global_colors_info=&#8220;{}&#8220;][et_pb_column type=&#8220;1_2&#8243; _builder_version=&#8220;4.16&#8243; custom_padding=&#8220;|||&#8220; global_colors_info=&#8220;{}&#8220; custom_padding__hover=&#8220;|||&#8220;][et_pb_contact_form use_spam_service=&#8220;on&#8220; recaptcha_list=&#8220;Claude Piguet &#8211; v3-0&#8243; email=&#8220;info@claude-piguet.ch&#8220; module_id=&#8220;et_pb_contact_form_0&#8243; _builder_version=&#8220;4.23.1&#8243; _unique_id=&#8220;58fde04a-e3c4-4644-a4cd-a1f0ad4c8ad0&#8243; hover_enabled=&#8220;0&#8243; global_colors_info=&#8220;{}&#8220; sticky_enabled=&#8220;0&#8243;][et_pb_contact_field field_id=&#8220;Name&#8220; field_title=&#8220;Name&#8220; _builder_version=&#8220;4.23.1&#8243; global_colors_info=&#8220;{}&#8220; button_text_size__hover_enabled=&#8220;off&#8220; button_one_text_size__hover_enabled=&#8220;off&#8220; button_two_text_size__hover_enabled=&#8220;off&#8220; button_text_color__hover_enabled=&#8220;off&#8220; button_one_text_color__hover_enabled=&#8220;off&#8220; button_two_text_color__hover_enabled=&#8220;off&#8220; button_border_width__hover_enabled=&#8220;off&#8220; button_one_border_width__hover_enabled=&#8220;off&#8220; button_two_border_width__hover_enabled=&#8220;off&#8220; button_border_color__hover_enabled=&#8220;off&#8220; button_one_border_color__hover_enabled=&#8220;off&#8220; button_two_border_color__hover_enabled=&#8220;off&#8220; button_border_radius__hover_enabled=&#8220;off&#8220; button_one_border_radius__hover_enabled=&#8220;off&#8220; button_two_border_radius__hover_enabled=&#8220;off&#8220; button_letter_spacing__hover_enabled=&#8220;off&#8220; button_one_letter_spacing__hover_enabled=&#8220;off&#8220; button_two_letter_spacing__hover_enabled=&#8220;off&#8220; button_bg_color__hover_enabled=&#8220;off&#8220; button_one_bg_color__hover_enabled=&#8220;off&#8220; button_two_bg_color__hover_enabled=&#8220;off&#8220;][\/et_pb_contact_field][et_pb_contact_field field_id=&#8220;Prenom&#8220; field_title=&#8220;Vorname&#8220; _builder_version=&#8220;4.23.1&#8243; global_colors_info=&#8220;{}&#8220; button_text_size__hover_enabled=&#8220;off&#8220; button_one_text_size__hover_enabled=&#8220;off&#8220; button_two_text_size__hover_enabled=&#8220;off&#8220; button_text_color__hover_enabled=&#8220;off&#8220; button_one_text_color__hover_enabled=&#8220;off&#8220; button_two_text_color__hover_enabled=&#8220;off&#8220; button_border_width__hover_enabled=&#8220;off&#8220; button_one_border_width__hover_enabled=&#8220;off&#8220; button_two_border_width__hover_enabled=&#8220;off&#8220; button_border_color__hover_enabled=&#8220;off&#8220; button_one_border_color__hover_enabled=&#8220;off&#8220; button_two_border_color__hover_enabled=&#8220;off&#8220; button_border_radius__hover_enabled=&#8220;off&#8220; button_one_border_radius__hover_enabled=&#8220;off&#8220; button_two_border_radius__hover_enabled=&#8220;off&#8220; button_letter_spacing__hover_enabled=&#8220;off&#8220; button_one_letter_spacing__hover_enabled=&#8220;off&#8220; button_two_letter_spacing__hover_enabled=&#8220;off&#8220; button_bg_color__hover_enabled=&#8220;off&#8220; button_one_bg_color__hover_enabled=&#8220;off&#8220; button_two_bg_color__hover_enabled=&#8220;off&#8220;][\/et_pb_contact_field][et_pb_contact_field field_id=&#8220;telephone&#8220; field_title=&#8220;Telefon&#8220; _builder_version=&#8220;4.23.1&#8243; global_colors_info=&#8220;{}&#8220; button_text_size__hover_enabled=&#8220;off&#8220; button_one_text_size__hover_enabled=&#8220;off&#8220; button_two_text_size__hover_enabled=&#8220;off&#8220; button_text_color__hover_enabled=&#8220;off&#8220; button_one_text_color__hover_enabled=&#8220;off&#8220; button_two_text_color__hover_enabled=&#8220;off&#8220; button_border_width__hover_enabled=&#8220;off&#8220; button_one_border_width__hover_enabled=&#8220;off&#8220; button_two_border_width__hover_enabled=&#8220;off&#8220; button_border_color__hover_enabled=&#8220;off&#8220; button_one_border_color__hover_enabled=&#8220;off&#8220; button_two_border_color__hover_enabled=&#8220;off&#8220; button_border_radius__hover_enabled=&#8220;off&#8220; button_one_border_radius__hover_enabled=&#8220;off&#8220; button_two_border_radius__hover_enabled=&#8220;off&#8220; button_letter_spacing__hover_enabled=&#8220;off&#8220; button_one_letter_spacing__hover_enabled=&#8220;off&#8220; button_two_letter_spacing__hover_enabled=&#8220;off&#8220; button_bg_color__hover_enabled=&#8220;off&#8220; button_one_bg_color__hover_enabled=&#8220;off&#8220; button_two_bg_color__hover_enabled=&#8220;off&#8220;][\/et_pb_contact_field][et_pb_contact_field field_id=&#8220;Email&#8220; field_title=&#8220;E-mail&#8220; field_type=&#8220;email&#8220; _builder_version=&#8220;4.23.1&#8243; hover_enabled=&#8220;0&#8243; global_colors_info=&#8220;{}&#8220; button_text_size__hover_enabled=&#8220;off&#8220; button_one_text_size__hover_enabled=&#8220;off&#8220; button_two_text_size__hover_enabled=&#8220;off&#8220; button_text_color__hover_enabled=&#8220;off&#8220; button_one_text_color__hover_enabled=&#8220;off&#8220; button_two_text_color__hover_enabled=&#8220;off&#8220; button_border_width__hover_enabled=&#8220;off&#8220; button_one_border_width__hover_enabled=&#8220;off&#8220; button_two_border_width__hover_enabled=&#8220;off&#8220; button_border_color__hover_enabled=&#8220;off&#8220; button_one_border_color__hover_enabled=&#8220;off&#8220; button_two_border_color__hover_enabled=&#8220;off&#8220; button_border_radius__hover_enabled=&#8220;off&#8220; button_one_border_radius__hover_enabled=&#8220;off&#8220; button_two_border_radius__hover_enabled=&#8220;off&#8220; button_letter_spacing__hover_enabled=&#8220;off&#8220; button_one_letter_spacing__hover_enabled=&#8220;off&#8220; button_two_letter_spacing__hover_enabled=&#8220;off&#8220; button_bg_color__hover_enabled=&#8220;off&#8220; button_one_bg_color__hover_enabled=&#8220;off&#8220; button_two_bg_color__hover_enabled=&#8220;off&#8220; sticky_enabled=&#8220;0&#8243;][\/et_pb_contact_field][et_pb_contact_field field_id=&#8220;Message&#8220; field_title=&#8220;Nachricht&#8220; field_type=&#8220;text&#8220; fullwidth_field=&#8220;on&#8220; _builder_version=&#8220;4.23.1&#8243; global_colors_info=&#8220;{}&#8220; button_text_size__hover_enabled=&#8220;off&#8220; button_one_text_size__hover_enabled=&#8220;off&#8220; button_two_text_size__hover_enabled=&#8220;off&#8220; button_text_color__hover_enabled=&#8220;off&#8220; button_one_text_color__hover_enabled=&#8220;off&#8220; button_two_text_color__hover_enabled=&#8220;off&#8220; button_border_width__hover_enabled=&#8220;off&#8220; button_one_border_width__hover_enabled=&#8220;off&#8220; button_two_border_width__hover_enabled=&#8220;off&#8220; button_border_color__hover_enabled=&#8220;off&#8220; button_one_border_color__hover_enabled=&#8220;off&#8220; button_two_border_color__hover_enabled=&#8220;off&#8220; button_border_radius__hover_enabled=&#8220;off&#8220; button_one_border_radius__hover_enabled=&#8220;off&#8220; button_two_border_radius__hover_enabled=&#8220;off&#8220; button_letter_spacing__hover_enabled=&#8220;off&#8220; button_one_letter_spacing__hover_enabled=&#8220;off&#8220; button_two_letter_spacing__hover_enabled=&#8220;off&#8220; button_bg_color__hover_enabled=&#8220;off&#8220; button_one_bg_color__hover_enabled=&#8220;off&#8220; button_two_bg_color__hover_enabled=&#8220;off&#8220;][\/et_pb_contact_field][et_pb_contact_field field_id=&#8220;acceptance&#8220; field_title=&#8220;Datenschutzerkl\u00e4rung&#8220; field_type=&#8220;checkbox&#8220; checkbox_options=&#8220;%91{%22value%22:%22Um dieses Formular abschicken zu k\u00f6nnen, m\u00fcssen Sie unsere %22,%22checked%22:0,%22dragID%22:-1,%22link_url%22:%22\/de\/datenschutzerklaerung\/%22,%22link_text%22:%22Datenschutzerkl\u00e4rung akzeptieren%22}%93&#8243; fullwidth_field=&#8220;on&#8220; _builder_version=&#8220;4.23.1&#8243; _module_preset=&#8220;default&#8220; global_colors_info=&#8220;{}&#8220;][\/et_pb_contact_field][\/et_pb_contact_form][\/et_pb_column][et_pb_column type=&#8220;1_2&#8243; _builder_version=&#8220;4.16&#8243; custom_padding=&#8220;|||&#8220; global_colors_info=&#8220;{}&#8220; custom_padding__hover=&#8220;|||&#8220;][et_pb_image src=&#8220;https:\/\/www.claude-piguet.ch\/wp-content\/uploads\/2018\/10\/logo3.png&#8220; url=&#8220;https:\/\/www.claude-piguet.ch\/de\/&#8220; align=&#8220;center&#8220; align_tablet=&#8220;center&#8220; align_phone=&#8220;&#8220; align_last_edited=&#8220;on|desktop&#8220; _builder_version=&#8220;4.16&#8243; global_colors_info=&#8220;{}&#8220;][\/et_pb_image][et_pb_text _builder_version=&#8220;4.16&#8243; text_orientation=&#8220;center&#8220; global_colors_info=&#8220;{}&#8220;]Claude Piguet SA<br \/>\nRue du Jura 23<br \/>\nCH-1422 Grandson<br \/>\nSuisse<\/p>\n<p>T\u00e9l\u00e9phone <a href=\"tel:024 445 38 88\">024 445 38 88<\/a><br \/>\nFax 024 445 21 20<br \/>\n[\/et_pb_text][et_pb_text module_class=&#8220;Titre-home&#8220; _builder_version=&#8220;4.16&#8243; global_colors_info=&#8220;{}&#8220;]<\/p>\n<h1>Contact Entreprise en Suisse qui traite le Polyur\u00e9thane<\/h1>\n<p>[\/et_pb_text][\/et_pb_column][\/et_pb_row][\/et_pb_section][et_pb_section fb_built=&#8220;1&#8243; fullwidth=&#8220;on&#8220; _builder_version=&#8220;4.16&#8243; global_colors_info=&#8220;{}&#8220;][et_pb_fullwidth_code _builder_version=&#8220;4.16&#8243; global_colors_info=&#8220;{}&#8220;]<iframe loading=\"lazy\" src=\"https:\/\/www.google.com\/maps\/embed?pb=!1m18!1m12!1m3!1d2730.554151816005!2d6.645464515122521!3d46.81308775044735!2m3!1f0!2f0!3f0!3m2!1i1024!2i768!4f13.1!3m3!1m2!1s0x478dc50eb8c535cf%3A0x1b6055fb3b452294!2sClaude+Piguet+SA!5e0!3m2!1sfr!2sma!4v1539958739103\" width=\"100%\" height=\"450\" frameborder=\"0\" style=\"border:0\" allowfullscreen><\/iframe>[\/et_pb_fullwidth_code][\/et_pb_section]<\/p>\n","protected":false},"excerpt":{"rendered":"<p>Claude Piguet SA Rue du Jura 23 CH-1422 Grandson Suisse T\u00e9l\u00e9phone 024 445 38 88 Fax 024 445 21 20 Contact Entreprise en Suisse qui traite le Polyur\u00e9thane<\/p>\n","protected":false},"author":4,"featured_media":0,"parent":0,"menu_order":0,"comment_status":"closed","ping_status":"closed","template":"","meta":{"_et_pb_use_builder":"on","_et_pb_old_content":"","_et_gb_content_width":"","footnotes":""},"class_list":["post-424","page","type-page","status-publish","hentry"],"yoast_head":"<!-- This site is optimized with the Yoast SEO plugin v27.4 - https:\/\/yoast.com\/product\/yoast-seo-wordpress\/ -->\n<title>Claude Piguet | Kontakt Unternehmen in der Schweiz, das Polyurethan verarbeitet<\/title>\n<meta name=\"description\" content=\"Claude Piguet SA beantwortet alle Ihre Fragen rund um Vulkanisation, Kunststoffbeschichtungen und Polyurethan-Formung. Kontaktieren Sie das Schweizer Unternehmen mit Sitz in Grandson. Lassen Sie Ihre Teile von einem reaktionsschnellen, flexiblen und leidenschaftlichen Unternehmen herstellen.\" \/>\n<meta name=\"robots\" content=\"index, follow, max-snippet:-1, max-image-preview:large, max-video-preview:-1\" \/>\n<link rel=\"canonical\" href=\"https:\/\/www.claude-piguet.ch\/de\/kontakt-unternehmen-in-der-schweiz-das-polyurethan-verarbeitet\/\" \/>\n<meta property=\"og:locale\" content=\"de_DE\" \/>\n<meta property=\"og:type\" content=\"article\" \/>\n<meta property=\"og:title\" content=\"Claude Piguet | Kontakt Unternehmen in der Schweiz, das Polyurethan verarbeitet\" \/>\n<meta property=\"og:description\" content=\"Claude Piguet SA beantwortet alle Ihre Fragen rund um Vulkanisation, Kunststoffbeschichtungen und Polyurethan-Formung. Kontaktieren Sie das Schweizer Unternehmen mit Sitz in Grandson. Lassen Sie Ihre Teile von einem reaktionsschnellen, flexiblen und leidenschaftlichen Unternehmen herstellen.\" \/>\n<meta property=\"og:url\" content=\"https:\/\/www.claude-piguet.ch\/de\/kontakt-unternehmen-in-der-schweiz-das-polyurethan-verarbeitet\/\" \/>\n<meta property=\"og:site_name\" content=\"Claude Piguet\" \/>\n<meta property=\"article:modified_time\" content=\"2023-12-14T09:02:22+00:00\" \/>\n<meta name=\"twitter:card\" content=\"summary_large_image\" \/>\n<meta name=\"twitter:label1\" content=\"Gesch\u00e4tzte Lesezeit\" \/>\n\t<meta name=\"twitter:data1\" content=\"1\u00a0Minute\" \/>\n<script type=\"application\/ld+json\" class=\"yoast-schema-graph\">{\"@context\":\"https:\\\/\\\/schema.org\",\"@graph\":[{\"@type\":\"WebPage\",\"@id\":\"https:\\\/\\\/www.claude-piguet.ch\\\/de\\\/kontakt-unternehmen-in-der-schweiz-das-polyurethan-verarbeitet\\\/\",\"url\":\"https:\\\/\\\/www.claude-piguet.ch\\\/de\\\/kontakt-unternehmen-in-der-schweiz-das-polyurethan-verarbeitet\\\/\",\"name\":\"Claude Piguet | Kontakt Unternehmen in der Schweiz, das Polyurethan verarbeitet\",\"isPartOf\":{\"@id\":\"https:\\\/\\\/www.claude-piguet.ch\\\/NEW_2021\\\/#website\"},\"datePublished\":\"2018-10-18T23:29:50+00:00\",\"dateModified\":\"2023-12-14T09:02:22+00:00\",\"description\":\"Claude Piguet SA beantwortet alle Ihre Fragen rund um Vulkanisation, Kunststoffbeschichtungen und Polyurethan-Formung. Kontaktieren Sie das Schweizer Unternehmen mit Sitz in Grandson. Lassen Sie Ihre Teile von einem reaktionsschnellen, flexiblen und leidenschaftlichen Unternehmen herstellen.\",\"breadcrumb\":{\"@id\":\"https:\\\/\\\/www.claude-piguet.ch\\\/de\\\/kontakt-unternehmen-in-der-schweiz-das-polyurethan-verarbeitet\\\/#breadcrumb\"},\"inLanguage\":\"de\",\"potentialAction\":[{\"@type\":\"ReadAction\",\"target\":[\"https:\\\/\\\/www.claude-piguet.ch\\\/de\\\/kontakt-unternehmen-in-der-schweiz-das-polyurethan-verarbeitet\\\/\"]}]},{\"@type\":\"BreadcrumbList\",\"@id\":\"https:\\\/\\\/www.claude-piguet.ch\\\/de\\\/kontakt-unternehmen-in-der-schweiz-das-polyurethan-verarbeitet\\\/#breadcrumb\",\"itemListElement\":[{\"@type\":\"ListItem\",\"position\":1,\"name\":\"Accueil\",\"item\":\"https:\\\/\\\/www.claude-piguet.ch\\\/de\\\/polyurethan-formung-und-kunststoffbeschichtung-schweiz\\\/\"},{\"@type\":\"ListItem\",\"position\":2,\"name\":\"Kontakt\"}]},{\"@type\":\"WebSite\",\"@id\":\"https:\\\/\\\/www.claude-piguet.ch\\\/NEW_2021\\\/#website\",\"url\":\"https:\\\/\\\/www.claude-piguet.ch\\\/NEW_2021\\\/\",\"name\":\"Claude Piguet\",\"description\":\"Moulage Polyur\u00e9thane et Rev\u00eatement plastique, Suisse\",\"publisher\":{\"@id\":\"https:\\\/\\\/www.claude-piguet.ch\\\/NEW_2021\\\/#organization\"},\"potentialAction\":[{\"@type\":\"SearchAction\",\"target\":{\"@type\":\"EntryPoint\",\"urlTemplate\":\"https:\\\/\\\/www.claude-piguet.ch\\\/NEW_2021\\\/?s={search_term_string}\"},\"query-input\":{\"@type\":\"PropertyValueSpecification\",\"valueRequired\":true,\"valueName\":\"search_term_string\"}}],\"inLanguage\":\"de\"},{\"@type\":\"Organization\",\"@id\":\"https:\\\/\\\/www.claude-piguet.ch\\\/NEW_2021\\\/#organization\",\"name\":\"CLAUDE PIGUET SA\",\"url\":\"https:\\\/\\\/www.claude-piguet.ch\\\/NEW_2021\\\/\",\"logo\":{\"@type\":\"ImageObject\",\"inLanguage\":\"de\",\"@id\":\"https:\\\/\\\/www.claude-piguet.ch\\\/NEW_2021\\\/#\\\/schema\\\/logo\\\/image\\\/\",\"url\":\"https:\\\/\\\/www.claude-piguet.ch\\\/wp-content\\\/uploads\\\/2018\\\/10\\\/cropped-logo3.png\",\"contentUrl\":\"https:\\\/\\\/www.claude-piguet.ch\\\/wp-content\\\/uploads\\\/2018\\\/10\\\/cropped-logo3.png\",\"width\":512,\"height\":512,\"caption\":\"CLAUDE PIGUET SA\"},\"image\":{\"@id\":\"https:\\\/\\\/www.claude-piguet.ch\\\/NEW_2021\\\/#\\\/schema\\\/logo\\\/image\\\/\"}}]}<\/script>\n<!-- \/ Yoast SEO plugin. -->","yoast_head_json":{"title":"Claude Piguet | Kontakt Unternehmen in der Schweiz, das Polyurethan verarbeitet","description":"Claude Piguet SA beantwortet alle Ihre Fragen rund um Vulkanisation, Kunststoffbeschichtungen und Polyurethan-Formung. Kontaktieren Sie das Schweizer Unternehmen mit Sitz in Grandson. Lassen Sie Ihre Teile von einem reaktionsschnellen, flexiblen und leidenschaftlichen Unternehmen herstellen.","robots":{"index":"index","follow":"follow","max-snippet":"max-snippet:-1","max-image-preview":"max-image-preview:large","max-video-preview":"max-video-preview:-1"},"canonical":"https:\/\/www.claude-piguet.ch\/de\/kontakt-unternehmen-in-der-schweiz-das-polyurethan-verarbeitet\/","og_locale":"de_DE","og_type":"article","og_title":"Claude Piguet | Kontakt Unternehmen in der Schweiz, das Polyurethan verarbeitet","og_description":"Claude Piguet SA beantwortet alle Ihre Fragen rund um Vulkanisation, Kunststoffbeschichtungen und Polyurethan-Formung. Kontaktieren Sie das Schweizer Unternehmen mit Sitz in Grandson. Lassen Sie Ihre Teile von einem reaktionsschnellen, flexiblen und leidenschaftlichen Unternehmen herstellen.","og_url":"https:\/\/www.claude-piguet.ch\/de\/kontakt-unternehmen-in-der-schweiz-das-polyurethan-verarbeitet\/","og_site_name":"Claude Piguet","article_modified_time":"2023-12-14T09:02:22+00:00","twitter_card":"summary_large_image","twitter_misc":{"Gesch\u00e4tzte Lesezeit":"1\u00a0Minute"},"schema":{"@context":"https:\/\/schema.org","@graph":[{"@type":"WebPage","@id":"https:\/\/www.claude-piguet.ch\/de\/kontakt-unternehmen-in-der-schweiz-das-polyurethan-verarbeitet\/","url":"https:\/\/www.claude-piguet.ch\/de\/kontakt-unternehmen-in-der-schweiz-das-polyurethan-verarbeitet\/","name":"Claude Piguet | Kontakt Unternehmen in der Schweiz, das Polyurethan verarbeitet","isPartOf":{"@id":"https:\/\/www.claude-piguet.ch\/NEW_2021\/#website"},"datePublished":"2018-10-18T23:29:50+00:00","dateModified":"2023-12-14T09:02:22+00:00","description":"Claude Piguet SA beantwortet alle Ihre Fragen rund um Vulkanisation, Kunststoffbeschichtungen und Polyurethan-Formung. Kontaktieren Sie das Schweizer Unternehmen mit Sitz in Grandson. Lassen Sie Ihre Teile von einem reaktionsschnellen, flexiblen und leidenschaftlichen Unternehmen herstellen.","breadcrumb":{"@id":"https:\/\/www.claude-piguet.ch\/de\/kontakt-unternehmen-in-der-schweiz-das-polyurethan-verarbeitet\/#breadcrumb"},"inLanguage":"de","potentialAction":[{"@type":"ReadAction","target":["https:\/\/www.claude-piguet.ch\/de\/kontakt-unternehmen-in-der-schweiz-das-polyurethan-verarbeitet\/"]}]},{"@type":"BreadcrumbList","@id":"https:\/\/www.claude-piguet.ch\/de\/kontakt-unternehmen-in-der-schweiz-das-polyurethan-verarbeitet\/#breadcrumb","itemListElement":[{"@type":"ListItem","position":1,"name":"Accueil","item":"https:\/\/www.claude-piguet.ch\/de\/polyurethan-formung-und-kunststoffbeschichtung-schweiz\/"},{"@type":"ListItem","position":2,"name":"Kontakt"}]},{"@type":"WebSite","@id":"https:\/\/www.claude-piguet.ch\/NEW_2021\/#website","url":"https:\/\/www.claude-piguet.ch\/NEW_2021\/","name":"Claude Piguet","description":"Moulage Polyur\u00e9thane et Rev\u00eatement plastique, Suisse","publisher":{"@id":"https:\/\/www.claude-piguet.ch\/NEW_2021\/#organization"},"potentialAction":[{"@type":"SearchAction","target":{"@type":"EntryPoint","urlTemplate":"https:\/\/www.claude-piguet.ch\/NEW_2021\/?s={search_term_string}"},"query-input":{"@type":"PropertyValueSpecification","valueRequired":true,"valueName":"search_term_string"}}],"inLanguage":"de"},{"@type":"Organization","@id":"https:\/\/www.claude-piguet.ch\/NEW_2021\/#organization","name":"CLAUDE PIGUET SA","url":"https:\/\/www.claude-piguet.ch\/NEW_2021\/","logo":{"@type":"ImageObject","inLanguage":"de","@id":"https:\/\/www.claude-piguet.ch\/NEW_2021\/#\/schema\/logo\/image\/","url":"https:\/\/www.claude-piguet.ch\/wp-content\/uploads\/2018\/10\/cropped-logo3.png","contentUrl":"https:\/\/www.claude-piguet.ch\/wp-content\/uploads\/2018\/10\/cropped-logo3.png","width":512,"height":512,"caption":"CLAUDE PIGUET SA"},"image":{"@id":"https:\/\/www.claude-piguet.ch\/NEW_2021\/#\/schema\/logo\/image\/"}}]}},"_links":{"self":[{"href":"https:\/\/www.claude-piguet.ch\/de\/wp-json\/wp\/v2\/pages\/424","targetHints":{"allow":["GET"]}}],"collection":[{"href":"https:\/\/www.claude-piguet.ch\/de\/wp-json\/wp\/v2\/pages"}],"about":[{"href":"https:\/\/www.claude-piguet.ch\/de\/wp-json\/wp\/v2\/types\/page"}],"author":[{"embeddable":true,"href":"https:\/\/www.claude-piguet.ch\/de\/wp-json\/wp\/v2\/users\/4"}],"replies":[{"embeddable":true,"href":"https:\/\/www.claude-piguet.ch\/de\/wp-json\/wp\/v2\/comments?post=424"}],"version-history":[{"count":12,"href":"https:\/\/www.claude-piguet.ch\/de\/wp-json\/wp\/v2\/pages\/424\/revisions"}],"predecessor-version":[{"id":587,"href":"https:\/\/www.claude-piguet.ch\/de\/wp-json\/wp\/v2\/pages\/424\/revisions\/587"}],"wp:attachment":[{"href":"https:\/\/www.claude-piguet.ch\/de\/wp-json\/wp\/v2\/media?parent=424"}],"curies":[{"name":"wp","href":"https:\/\/api.w.org\/{rel}","templated":true}]}}