{"id":407,"date":"2019-12-12T15:43:32","date_gmt":"2019-12-12T14:43:32","guid":{"rendered":"https:\/\/www.claude-piguet.ch\/?page_id=407"},"modified":"2019-12-12T15:43:36","modified_gmt":"2019-12-12T14:43:36","slug":"plastic-coating-and-vulcanization-grandson-switzerland","status":"publish","type":"page","link":"https:\/\/www.claude-piguet.ch\/en\/plastic-coating-and-vulcanization-grandson-switzerland\/","title":{"rendered":"SPECIALTIES"},"content":{"rendered":"<p>[et_pb_section fb_built=&#8221;1&#8243; _builder_version=&#8221;3.22&#8243; custom_margin=&#8221;0px||0px|&#8221; custom_padding=&#8221;0px||0px|&#8221;][et_pb_row use_custom_gutter=&#8221;on&#8221; gutter_width=&#8221;1&#8243; make_equal=&#8221;on&#8221; _builder_version=&#8221;3.25&#8243; background_size=&#8221;initial&#8221; background_position=&#8221;top_left&#8221; background_repeat=&#8221;repeat&#8221; width=&#8221;100%&#8221; max_width=&#8221;100%&#8221; module_alignment=&#8221;center&#8221; custom_margin=&#8221;0px||0px|&#8221; custom_padding=&#8221;0px||0px|&#8221; custom_css_main_element=&#8221;height:100vh;&#8221; use_custom_width=&#8221;on&#8221; width_unit=&#8221;off&#8221; custom_width_percent=&#8221;100%&#8221; column_structure=&#8221;1_2,1_2&#8243;][et_pb_column type=&#8221;1_2&#8243; _builder_version=&#8221;3.25&#8243; background_image=&#8221;https:\/\/www.claude-piguet.ch\/wp-content\/uploads\/2018\/11\/moulage-vulcanisation-grandson-yverdon-suisse.jpg&#8221; custom_padding=&#8221;|||&#8221; custom_padding__hover=&#8221;|||&#8221;][\/et_pb_column][et_pb_column type=&#8221;1_2&#8243; _builder_version=&#8221;3.25&#8243; custom_padding=&#8221;|||&#8221; custom_padding__hover=&#8221;|||&#8221;][et_pb_text _builder_version=&#8221;4.0.7&#8243; custom_padding=&#8221;20px|20px|20px|20px&#8221; hover_enabled=&#8221;0&#8243;]<\/p>\n<h2>Our specialties<\/h2>\n<p><span class=\"bull\">\u2022<\/span>\u00a0Roller bearings<br \/><span class=\"bull\">\u2022<\/span>\u00a0Scrapers and parts for purification stations<br \/><span class=\"bull\">\u2022<\/span>\u00a0Sprockets<br \/><span class=\"bull\">\u2022<\/span>\u00a0Funicular wheels<br \/><span class=\"bull\">\u2022<\/span>\u00a0Protective jaws<br \/><span class=\"bull\">\u2022<\/span>\u00a0Watchmaking<br \/><span class=\"bull\">\u2022<\/span>\u00a0Stops, shock absorbers<br \/><span class=\"bull\">\u2022<\/span>\u00a0Drive rollers<\/p>\n<h2>Shore hardness<\/h2>\n<p>The \u00a0<a href=\"http:\/\/fr.wikipedia.org\/wiki\/Duret%C3%A9_Shore\" target=\"parent\" rel=\"noopener noreferrer\">Shore <\/a>hardness scale measures elasticity by penetration depth and is used in the field of elastomers.<br \/>We produce a wide range of different hardnesses, ranging from 30 shore A to 75 shore D.<\/p>\n<p>[\/et_pb_text][et_pb_text module_class=&#8221;Titre-home&#8221; _builder_version=&#8221;4.0.7&#8243; hover_enabled=&#8221;0&#8243;]<\/p>\n<h1>Plastic Coating and Vulcanization, Grandson Switzerland<\/h1>\n<p>[\/et_pb_text][\/et_pb_column][\/et_pb_row][\/et_pb_section]<\/p>\n","protected":false},"excerpt":{"rendered":"<p>Our specialties \u2022\u00a0Roller bearings\u2022\u00a0Scrapers and parts for purification stations\u2022\u00a0Sprockets\u2022\u00a0Funicular wheels\u2022\u00a0Protective jaws\u2022\u00a0Watchmaking\u2022\u00a0Stops, shock absorbers\u2022\u00a0Drive rollers Shore hardness The \u00a0Shore hardness scale measures elasticity by penetration depth and is used in the field of elastomers.We produce a wide range of different hardnesses, ranging from 30 shore A to 75 shore D. Plastic Coating and Vulcanization, Grandson Switzerland<\/p>\n","protected":false},"author":4,"featured_media":0,"parent":0,"menu_order":0,"comment_status":"closed","ping_status":"closed","template":"","meta":{"_et_pb_use_builder":"on","_et_pb_old_content":"[et_pb_section fb_built=\"1\" _builder_version=\"3.10.2\" custom_margin=\"0px||0px|\" custom_padding=\"0px||0px|\"][et_pb_row use_custom_width=\"on\" width_unit=\"off\" custom_width_percent=\"100%\" use_custom_gutter=\"on\" gutter_width=\"1\" custom_padding=\"0px||0px|\" custom_margin=\"0px||0px|\" make_equal=\"on\" bg_img_1=\"https:\/\/www.claude-piguet.ch\/wp-content\/uploads\/2018\/11\/moulage-vulcanisation-grandson-yverdon-suisse.jpg\" _builder_version=\"3.10.2\" background_size=\"initial\" background_position=\"top_left\" background_repeat=\"repeat\" module_alignment=\"center\" custom_css_main_element=\"height:100vh;\"][et_pb_column type=\"1_2\" _builder_version=\"3.0.47\" bg_img=\"https:\/\/www.claude-piguet.ch\/wp-content\/uploads\/2018\/11\/moulage-vulcanisation-grandson-yverdon-suisse.jpg\" parallax=\"off\" parallax_method=\"on\"][\/et_pb_column][et_pb_column type=\"1_2\" _builder_version=\"3.0.47\" parallax=\"off\" parallax_method=\"on\"][et_pb_text _builder_version=\"3.10.2\" custom_padding=\"20px|20px|20px|20px\"]<h2>Nos sp\u00e9cialit\u00e9s<\/h2>\r\n<span class=\"bull\">\u2022<\/span>\u00a0Galets de roulements\r\n<span class=\"bull\">\u2022<\/span>\u00a0R\u00e2cles et pi\u00e8ces station d'\u00e9purations\r\n<span class=\"bull\">\u2022<\/span>\u00a0Barbotins\r\n<span class=\"bull\">\u2022<\/span>\u00a0Roues de funiculaires\r\n<span class=\"bull\">\u2022<\/span>\u00a0Protection mors\r\n<span class=\"bull\">\u2022<\/span>\u00a0Horlogeries\r\n<span class=\"bull\">\u2022<\/span>\u00a0But\u00e9es, amortisseurs\r\n<span class=\"bull\">\u2022<\/span>\u00a0Rouleaux d'entr\u00eenement\r\n<h2>Duret\u00e9s Shore<\/h2>\r\nL'\u00e9chelle de duret\u00e9\u00a0<a href=\"http:\/\/fr.wikipedia.org\/wiki\/Duret%C3%A9_Shore\" target=\"parent\">Shore<\/a>\u00a0mesure l'\u00e9lasticit\u00e9 par la profondeur de p\u00e9n\u00e9tration et elle est utilis\u00e9e dans le domaine des \u00e9lastom\u00e8res.\r\n\r\nNous r\u00e9alisons une grande gamme de duret\u00e9s diff\u00e9rentes allant de 30 shore A \u00e0 75 shore D.\r\n[\/et_pb_text][et_pb_text module_class=\"Titre-home\" _builder_version=\"3.10.2\"]<h1>Rev\u00eatement plastique et Vulcanisation, Grandson Suisse<\/h1>\r\n[\/et_pb_text][\/et_pb_column][\/et_pb_row][\/et_pb_section]","_et_gb_content_width":"","footnotes":""},"class_list":["post-407","page","type-page","status-publish","hentry"],"yoast_head":"<!-- This site is optimized with the Yoast SEO plugin v27.4 - https:\/\/yoast.com\/product\/yoast-seo-wordpress\/ -->\n<title>Claude Piguet | Plastic Coating and Vulcanization, Grandson Switzerland<\/title>\n<meta name=\"description\" content=\"Claude Piguet SA is a company specialized in vulcanization in Grandson, Switzerland. Discover its various sectors of activity such as polyurethane moulding and plastic coating design at its site in Grandson, Switzerland\" \/>\n<meta name=\"robots\" content=\"index, follow, max-snippet:-1, max-image-preview:large, max-video-preview:-1\" \/>\n<link rel=\"canonical\" href=\"https:\/\/www.claude-piguet.ch\/en\/plastic-coating-and-vulcanization-grandson-switzerland\/\" \/>\n<meta property=\"og:locale\" content=\"en_US\" \/>\n<meta property=\"og:type\" content=\"article\" \/>\n<meta property=\"og:title\" content=\"Claude Piguet | Plastic Coating and Vulcanization, Grandson Switzerland\" \/>\n<meta property=\"og:description\" content=\"Claude Piguet SA is a company specialized in vulcanization in Grandson, Switzerland. Discover its various sectors of activity such as polyurethane moulding and plastic coating design at its site in Grandson, Switzerland\" \/>\n<meta property=\"og:url\" content=\"https:\/\/www.claude-piguet.ch\/en\/plastic-coating-and-vulcanization-grandson-switzerland\/\" \/>\n<meta property=\"og:site_name\" content=\"Claude Piguet\" \/>\n<meta property=\"article:modified_time\" content=\"2019-12-12T14:43:36+00:00\" \/>\n<meta name=\"twitter:card\" content=\"summary_large_image\" \/>\n<meta name=\"twitter:label1\" content=\"Est. reading time\" \/>\n\t<meta name=\"twitter:data1\" content=\"1 minute\" \/>\n<script type=\"application\/ld+json\" class=\"yoast-schema-graph\">{\"@context\":\"https:\\\/\\\/schema.org\",\"@graph\":[{\"@type\":\"WebPage\",\"@id\":\"https:\\\/\\\/www.claude-piguet.ch\\\/en\\\/plastic-coating-and-vulcanization-grandson-switzerland\\\/\",\"url\":\"https:\\\/\\\/www.claude-piguet.ch\\\/en\\\/plastic-coating-and-vulcanization-grandson-switzerland\\\/\",\"name\":\"Claude Piguet | Plastic Coating and Vulcanization, Grandson Switzerland\",\"isPartOf\":{\"@id\":\"https:\\\/\\\/www.claude-piguet.ch\\\/NEW_2021\\\/#website\"},\"datePublished\":\"2019-12-12T14:43:32+00:00\",\"dateModified\":\"2019-12-12T14:43:36+00:00\",\"description\":\"Claude Piguet SA is a company specialized in vulcanization in Grandson, Switzerland. Discover its various sectors of activity such as polyurethane moulding and plastic coating design at its site in Grandson, Switzerland\",\"breadcrumb\":{\"@id\":\"https:\\\/\\\/www.claude-piguet.ch\\\/en\\\/plastic-coating-and-vulcanization-grandson-switzerland\\\/#breadcrumb\"},\"inLanguage\":\"en-US\",\"potentialAction\":[{\"@type\":\"ReadAction\",\"target\":[\"https:\\\/\\\/www.claude-piguet.ch\\\/en\\\/plastic-coating-and-vulcanization-grandson-switzerland\\\/\"]}]},{\"@type\":\"BreadcrumbList\",\"@id\":\"https:\\\/\\\/www.claude-piguet.ch\\\/en\\\/plastic-coating-and-vulcanization-grandson-switzerland\\\/#breadcrumb\",\"itemListElement\":[{\"@type\":\"ListItem\",\"position\":1,\"name\":\"Accueil\",\"item\":\"https:\\\/\\\/www.claude-piguet.ch\\\/en\\\/polyurethane-moulding-and-plastic-coating-switzerland\\\/\"},{\"@type\":\"ListItem\",\"position\":2,\"name\":\"SPECIALTIES\"}]},{\"@type\":\"WebSite\",\"@id\":\"https:\\\/\\\/www.claude-piguet.ch\\\/NEW_2021\\\/#website\",\"url\":\"https:\\\/\\\/www.claude-piguet.ch\\\/NEW_2021\\\/\",\"name\":\"Claude Piguet\",\"description\":\"Moulage Polyur\u00e9thane et Rev\u00eatement plastique, Suisse\",\"publisher\":{\"@id\":\"https:\\\/\\\/www.claude-piguet.ch\\\/NEW_2021\\\/#organization\"},\"potentialAction\":[{\"@type\":\"SearchAction\",\"target\":{\"@type\":\"EntryPoint\",\"urlTemplate\":\"https:\\\/\\\/www.claude-piguet.ch\\\/NEW_2021\\\/?s={search_term_string}\"},\"query-input\":{\"@type\":\"PropertyValueSpecification\",\"valueRequired\":true,\"valueName\":\"search_term_string\"}}],\"inLanguage\":\"en-US\"},{\"@type\":\"Organization\",\"@id\":\"https:\\\/\\\/www.claude-piguet.ch\\\/NEW_2021\\\/#organization\",\"name\":\"CLAUDE PIGUET SA\",\"url\":\"https:\\\/\\\/www.claude-piguet.ch\\\/NEW_2021\\\/\",\"logo\":{\"@type\":\"ImageObject\",\"inLanguage\":\"en-US\",\"@id\":\"https:\\\/\\\/www.claude-piguet.ch\\\/NEW_2021\\\/#\\\/schema\\\/logo\\\/image\\\/\",\"url\":\"https:\\\/\\\/www.claude-piguet.ch\\\/wp-content\\\/uploads\\\/2018\\\/10\\\/cropped-logo3.png\",\"contentUrl\":\"https:\\\/\\\/www.claude-piguet.ch\\\/wp-content\\\/uploads\\\/2018\\\/10\\\/cropped-logo3.png\",\"width\":512,\"height\":512,\"caption\":\"CLAUDE PIGUET SA\"},\"image\":{\"@id\":\"https:\\\/\\\/www.claude-piguet.ch\\\/NEW_2021\\\/#\\\/schema\\\/logo\\\/image\\\/\"}}]}<\/script>\n<!-- \/ Yoast SEO plugin. -->","yoast_head_json":{"title":"Claude Piguet | Plastic Coating and Vulcanization, Grandson Switzerland","description":"Claude Piguet SA is a company specialized in vulcanization in Grandson, Switzerland. Discover its various sectors of activity such as polyurethane moulding and plastic coating design at its site in Grandson, Switzerland","robots":{"index":"index","follow":"follow","max-snippet":"max-snippet:-1","max-image-preview":"max-image-preview:large","max-video-preview":"max-video-preview:-1"},"canonical":"https:\/\/www.claude-piguet.ch\/en\/plastic-coating-and-vulcanization-grandson-switzerland\/","og_locale":"en_US","og_type":"article","og_title":"Claude Piguet | Plastic Coating and Vulcanization, Grandson Switzerland","og_description":"Claude Piguet SA is a company specialized in vulcanization in Grandson, Switzerland. Discover its various sectors of activity such as polyurethane moulding and plastic coating design at its site in Grandson, Switzerland","og_url":"https:\/\/www.claude-piguet.ch\/en\/plastic-coating-and-vulcanization-grandson-switzerland\/","og_site_name":"Claude Piguet","article_modified_time":"2019-12-12T14:43:36+00:00","twitter_card":"summary_large_image","twitter_misc":{"Est. reading time":"1 minute"},"schema":{"@context":"https:\/\/schema.org","@graph":[{"@type":"WebPage","@id":"https:\/\/www.claude-piguet.ch\/en\/plastic-coating-and-vulcanization-grandson-switzerland\/","url":"https:\/\/www.claude-piguet.ch\/en\/plastic-coating-and-vulcanization-grandson-switzerland\/","name":"Claude Piguet | Plastic Coating and Vulcanization, Grandson Switzerland","isPartOf":{"@id":"https:\/\/www.claude-piguet.ch\/NEW_2021\/#website"},"datePublished":"2019-12-12T14:43:32+00:00","dateModified":"2019-12-12T14:43:36+00:00","description":"Claude Piguet SA is a company specialized in vulcanization in Grandson, Switzerland. Discover its various sectors of activity such as polyurethane moulding and plastic coating design at its site in Grandson, Switzerland","breadcrumb":{"@id":"https:\/\/www.claude-piguet.ch\/en\/plastic-coating-and-vulcanization-grandson-switzerland\/#breadcrumb"},"inLanguage":"en-US","potentialAction":[{"@type":"ReadAction","target":["https:\/\/www.claude-piguet.ch\/en\/plastic-coating-and-vulcanization-grandson-switzerland\/"]}]},{"@type":"BreadcrumbList","@id":"https:\/\/www.claude-piguet.ch\/en\/plastic-coating-and-vulcanization-grandson-switzerland\/#breadcrumb","itemListElement":[{"@type":"ListItem","position":1,"name":"Accueil","item":"https:\/\/www.claude-piguet.ch\/en\/polyurethane-moulding-and-plastic-coating-switzerland\/"},{"@type":"ListItem","position":2,"name":"SPECIALTIES"}]},{"@type":"WebSite","@id":"https:\/\/www.claude-piguet.ch\/NEW_2021\/#website","url":"https:\/\/www.claude-piguet.ch\/NEW_2021\/","name":"Claude Piguet","description":"Moulage Polyur\u00e9thane et Rev\u00eatement plastique, Suisse","publisher":{"@id":"https:\/\/www.claude-piguet.ch\/NEW_2021\/#organization"},"potentialAction":[{"@type":"SearchAction","target":{"@type":"EntryPoint","urlTemplate":"https:\/\/www.claude-piguet.ch\/NEW_2021\/?s={search_term_string}"},"query-input":{"@type":"PropertyValueSpecification","valueRequired":true,"valueName":"search_term_string"}}],"inLanguage":"en-US"},{"@type":"Organization","@id":"https:\/\/www.claude-piguet.ch\/NEW_2021\/#organization","name":"CLAUDE PIGUET SA","url":"https:\/\/www.claude-piguet.ch\/NEW_2021\/","logo":{"@type":"ImageObject","inLanguage":"en-US","@id":"https:\/\/www.claude-piguet.ch\/NEW_2021\/#\/schema\/logo\/image\/","url":"https:\/\/www.claude-piguet.ch\/wp-content\/uploads\/2018\/10\/cropped-logo3.png","contentUrl":"https:\/\/www.claude-piguet.ch\/wp-content\/uploads\/2018\/10\/cropped-logo3.png","width":512,"height":512,"caption":"CLAUDE PIGUET SA"},"image":{"@id":"https:\/\/www.claude-piguet.ch\/NEW_2021\/#\/schema\/logo\/image\/"}}]}},"_links":{"self":[{"href":"https:\/\/www.claude-piguet.ch\/en\/wp-json\/wp\/v2\/pages\/407","targetHints":{"allow":["GET"]}}],"collection":[{"href":"https:\/\/www.claude-piguet.ch\/en\/wp-json\/wp\/v2\/pages"}],"about":[{"href":"https:\/\/www.claude-piguet.ch\/en\/wp-json\/wp\/v2\/types\/page"}],"author":[{"embeddable":true,"href":"https:\/\/www.claude-piguet.ch\/en\/wp-json\/wp\/v2\/users\/4"}],"replies":[{"embeddable":true,"href":"https:\/\/www.claude-piguet.ch\/en\/wp-json\/wp\/v2\/comments?post=407"}],"version-history":[{"count":3,"href":"https:\/\/www.claude-piguet.ch\/en\/wp-json\/wp\/v2\/pages\/407\/revisions"}],"predecessor-version":[{"id":411,"href":"https:\/\/www.claude-piguet.ch\/en\/wp-json\/wp\/v2\/pages\/407\/revisions\/411"}],"wp:attachment":[{"href":"https:\/\/www.claude-piguet.ch\/en\/wp-json\/wp\/v2\/media?parent=407"}],"curies":[{"name":"wp","href":"https:\/\/api.w.org\/{rel}","templated":true}]}}